{"id":1054,"date":"2019-02-08T16:10:51","date_gmt":"2019-02-08T19:10:51","guid":{"rendered":"https:\/\/isp8st-sfe.infd.edu.ar\/sitio\/?page_id=1054"},"modified":"2025-12-31T16:59:26","modified_gmt":"2025-12-31T19:59:26","slug":"docentes","status":"publish","type":"page","link":"https:\/\/ies64-sfe.infd.edu.ar\/sitio\/docentes\/","title":{"rendered":"Docentes"},"content":{"rendered":"\n<div class=\"wp-block-cover has-x-large-font-size\" style=\"min-height:80px\"><span aria-hidden=\"true\" class=\"wp-block-cover__background has-background-dim-0 has-background-dim\"><\/span><img decoding=\"async\" loading=\"lazy\" width=\"1020\" height=\"150\" class=\"wp-block-cover__image-background wp-image-2076\" alt=\"\" src=\"https:\/\/ies64-sfe.infd.edu.ar\/sitio\/wp-content\/uploads\/2023\/04\/header-bg.jpg\" data-object-fit=\"cover\" srcset=\"https:\/\/ies64-sfe.infd.edu.ar\/sitio\/wp-content\/uploads\/2023\/04\/header-bg.jpg 1020w, https:\/\/ies64-sfe.infd.edu.ar\/sitio\/wp-content\/uploads\/2023\/04\/header-bg-1000x147.jpg 1000w, https:\/\/ies64-sfe.infd.edu.ar\/sitio\/wp-content\/uploads\/2023\/04\/header-bg-768x113.jpg 768w\" sizes=\"(max-width: 1020px) 100vw, 1020px\" \/><div class=\"wp-block-cover__inner-container\">\n<h2 class=\"wp-block-heading has-x-large-font-size\">DOCENTES<\/h2>\n<\/div><\/div>\n\n\n\n<figure class=\"wp-block-image size-full\"><img decoding=\"async\" loading=\"lazy\" width=\"575\" height=\"650\" src=\"https:\/\/ies64-sfe.infd.edu.ar\/sitio\/wp-content\/uploads\/2025\/12\/abuela-vero-1.jpg\" alt=\"\" class=\"wp-image-3171\"\/><\/figure>\n\n\n\n<div class=\"wp-block-file\"><object class=\"wp-block-file__embed\" data=\"https:\/\/ies64-sfe.infd.edu.ar\/sitio\/wp-content\/uploads\/2025\/12\/INICIALmesa-examinadora-Febrero-Marzo-2026-1.pdf\" type=\"application\/pdf\" style=\"width:100%;height:600px\" aria-label=\"Incrustado de INICIALmesa-examinadora-Febrero-Marzo-2026-1.\"><\/object><a id=\"wp-block-file--media-a7911dc9-5ee9-4626-872f-5a965a284f5a\" href=\"https:\/\/ies64-sfe.infd.edu.ar\/sitio\/wp-content\/uploads\/2025\/12\/INICIALmesa-examinadora-Febrero-Marzo-2026-1.pdf\">INICIALmesa-examinadora-Febrero-Marzo-2026-1<\/a><a href=\"https:\/\/ies64-sfe.infd.edu.ar\/sitio\/wp-content\/uploads\/2025\/12\/INICIALmesa-examinadora-Febrero-Marzo-2026-1.pdf\" class=\"wp-block-file__button wp-element-button\" download aria-describedby=\"wp-block-file--media-a7911dc9-5ee9-4626-872f-5a965a284f5a\">Descarga<\/a><\/div>\n\n\n\n<div class=\"wp-block-file\"><object class=\"wp-block-file__embed\" data=\"https:\/\/ies64-sfe.infd.edu.ar\/sitio\/wp-content\/uploads\/2025\/12\/TECNICATURA.-Examenes-febrero-marzo-2026-1.pdf\" type=\"application\/pdf\" style=\"width:100%;height:600px\" aria-label=\"Incrustado de TECNICATURA.-Examenes-febrero-marzo-2026-1.\"><\/object><a id=\"wp-block-file--media-297ff9aa-d10f-4429-ac16-a2e36f71df55\" href=\"https:\/\/ies64-sfe.infd.edu.ar\/sitio\/wp-content\/uploads\/2025\/12\/TECNICATURA.-Examenes-febrero-marzo-2026-1.pdf\">TECNICATURA.-Examenes-febrero-marzo-2026-1<\/a><a href=\"https:\/\/ies64-sfe.infd.edu.ar\/sitio\/wp-content\/uploads\/2025\/12\/TECNICATURA.-Examenes-febrero-marzo-2026-1.pdf\" class=\"wp-block-file__button wp-element-button\" download aria-describedby=\"wp-block-file--media-297ff9aa-d10f-4429-ac16-a2e36f71df55\">Descarga<\/a><\/div>\n\n\n\n<div class=\"wp-block-file\"><object class=\"wp-block-file__embed\" data=\"https:\/\/ies64-sfe.infd.edu.ar\/sitio\/wp-content\/uploads\/2025\/12\/PRIMARIA-mesa-examinadora-Febrero-Marzo-2026-1.pdf\" type=\"application\/pdf\" style=\"width:100%;height:600px\" aria-label=\"Incrustado de PRIMARIA-mesa-examinadora-Febrero-Marzo-2026-1.\"><\/object><a id=\"wp-block-file--media-633c0b63-2c81-444b-b718-1aedd31da0e2\" href=\"https:\/\/ies64-sfe.infd.edu.ar\/sitio\/wp-content\/uploads\/2025\/12\/PRIMARIA-mesa-examinadora-Febrero-Marzo-2026-1.pdf\">PRIMARIA-mesa-examinadora-Febrero-Marzo-2026-1<\/a><a href=\"https:\/\/ies64-sfe.infd.edu.ar\/sitio\/wp-content\/uploads\/2025\/12\/PRIMARIA-mesa-examinadora-Febrero-Marzo-2026-1.pdf\" class=\"wp-block-file__button wp-element-button\" download aria-describedby=\"wp-block-file--media-633c0b63-2c81-444b-b718-1aedd31da0e2\">Descarga<\/a><\/div>\n\n\n\n<h3 class=\"wp-block-heading has-text-align-center has-text-color\" style=\"color:#333c7c;font-size:24px\"><strong>ULTIMAS NOVEDADES<\/strong><\/h3>\n\n\n<style>.wp-show-posts-columns#wpsp-2422 {margin-left: -2em; }.wp-show-posts-columns#wpsp-2422 .wp-show-posts-inner {margin: 0 0 2em 2em; }<\/style><section id=\"wpsp-2422\" class=\" wp-show-posts-columns wp-show-posts\" style=\"\"><article class=\" wp-show-posts-single post-3123 post type-post status-publish format-standard hentry category-sin-categoria wpsp-col-4\" itemtype=\"http:\/\/schema.org\/CreativeWork\" itemscope><div class=\"wp-show-posts-inner\" style=\"\">\t\t\t\t\t\t<header class=\"wp-show-posts-entry-header\">\n\t\t\t\t\t\t\t<span class=\"wp-show-posts-entry-title\" itemprop=\"headline\"><a href=\"https:\/\/ies64-sfe.infd.edu.ar\/sitio\/inscripcion-a-examenes-nov-dic-2025\/\" rel=\"bookmark\">INSCRIPCI\u00d3N A EX\u00c1MENES FEB\/MAR 2026<\/a><\/span><div class=\"wp-show-posts-entry-meta wp-show-posts-entry-meta-below-title post-meta-inline\"><span class=\"wp-show-posts-posted-on wp-show-posts-meta\">\n\t\t\t\t\t<a href=\"https:\/\/ies64-sfe.infd.edu.ar\/sitio\/inscripcion-a-examenes-nov-dic-2025\/\" title=\"7:31 pm\" rel=\"bookmark\"><time class=\"wp-show-posts-entry-date published\" datetime=\"2025-11-06T19:31:33-03:00\" itemprop=\"datePublished\">6 noviembre, 2025<\/time><time class=\"wp-show-posts-updated\" datetime=\"2025-12-31T17:03:38-03:00\" itemprop=\"dateModified\">31 diciembre, 2025<\/time><\/a>\n\t\t\t\t<\/span><\/div>\t\t\t\t\t\t<\/header><!-- .entry-header -->\n\t\t\t\t\t<\/div><!-- wp-show-posts-inner --><\/article><article class=\" wp-show-posts-single post-3118 post type-post status-publish format-standard hentry category-sin-categoria wpsp-col-4\" itemtype=\"http:\/\/schema.org\/CreativeWork\" itemscope><div class=\"wp-show-posts-inner\" style=\"\">\t\t\t\t\t\t<header class=\"wp-show-posts-entry-header\">\n\t\t\t\t\t\t\t<span class=\"wp-show-posts-entry-title\" itemprop=\"headline\"><a href=\"https:\/\/ies64-sfe.infd.edu.ar\/sitio\/ingreso-2026\/\" rel=\"bookmark\">INGRESO 2026<\/a><\/span><div class=\"wp-show-posts-entry-meta wp-show-posts-entry-meta-below-title post-meta-inline\"><span class=\"wp-show-posts-posted-on wp-show-posts-meta\">\n\t\t\t\t\t<a href=\"https:\/\/ies64-sfe.infd.edu.ar\/sitio\/ingreso-2026\/\" title=\"7:16 pm\" rel=\"bookmark\"><time class=\"wp-show-posts-entry-date published\" datetime=\"2025-11-06T19:16:08-03:00\" itemprop=\"datePublished\">6 noviembre, 2025<\/time><time class=\"wp-show-posts-updated\" datetime=\"2025-12-31T16:53:48-03:00\" itemprop=\"dateModified\">31 diciembre, 2025<\/time><\/a>\n\t\t\t\t<\/span><\/div>\t\t\t\t\t\t<\/header><!-- .entry-header -->\n\t\t\t\t\t<\/div><!-- wp-show-posts-inner --><\/article><article class=\" wp-show-posts-single post-3106 post type-post status-publish format-standard hentry category-sin-categoria wpsp-col-4\" itemtype=\"http:\/\/schema.org\/CreativeWork\" itemscope><div class=\"wp-show-posts-inner\" style=\"\">\t\t\t\t\t\t<header class=\"wp-show-posts-entry-header\">\n\t\t\t\t\t\t\t<span class=\"wp-show-posts-entry-title\" itemprop=\"headline\"><a href=\"https:\/\/ies64-sfe.infd.edu.ar\/sitio\/mesas-de-examenes\/\" rel=\"bookmark\">Mesas de Ex\u00e1menes feb\/mar 2026<\/a><\/span><div class=\"wp-show-posts-entry-meta wp-show-posts-entry-meta-below-title post-meta-inline\"><span class=\"wp-show-posts-posted-on wp-show-posts-meta\">\n\t\t\t\t\t<a href=\"https:\/\/ies64-sfe.infd.edu.ar\/sitio\/mesas-de-examenes\/\" title=\"7:00 pm\" rel=\"bookmark\"><time class=\"wp-show-posts-entry-date published\" datetime=\"2025-11-06T19:00:27-03:00\" itemprop=\"datePublished\">6 noviembre, 2025<\/time><time class=\"wp-show-posts-updated\" datetime=\"2025-12-31T16:40:21-03:00\" itemprop=\"dateModified\">31 diciembre, 2025<\/time><\/a>\n\t\t\t\t<\/span><\/div>\t\t\t\t\t\t<\/header><!-- .entry-header -->\n\t\t\t\t\t<\/div><!-- wp-show-posts-inner --><\/article><div class=\"wpsp-clear\"><\/div><\/section><!-- .wp-show-posts -->\n\n\n\n<div class=\"wp-block-buttons is-content-justification-center is-layout-flex wp-container-1\">\n<div class=\"wp-block-button has-custom-font-size is-style-outline has-medium-font-size\"><a class=\"wp-block-button__link has-text-color wp-element-button\" style=\"border-radius:0px;color:#333c7c\">M\u00c1S NOVEDADES<\/a><\/div>\n<\/div>\n\n\n\n<h3 class=\"wp-block-heading has-base-3-color has-text-color has-background has-medium-font-size\" style=\"background:linear-gradient(135deg,rgb(51,60,124) 54%,rgb(6,147,227) 100%)\">MESAS  DE EX\u00c1MENES NOVIEMBRE &#8211; DICIEMBRE 2023 <\/h3>\n\n\n\n<p><a rel=\"noreferrer noopener\" href=\"https:\/\/drive.google.com\/drive\/folders\/10QnsBGF_Foaam8OxBm1Mhp6p_xHo_bbq?usp=sharing\" target=\"_blank\">Acceso  a las mesas de ex\u00e1menes <\/a><\/p>\n\n\n\n<h3 class=\"wp-block-heading has-base-3-color has-text-color has-background has-medium-font-size\" style=\"background:linear-gradient(135deg,rgb(51,60,124) 54%,rgb(6,147,227) 100%)\">MESAS  DE EX\u00c1MENES JULIO &#8211; AGOSTO 2023<\/h3>\n\n\n\n<p><\/p>\n\n\n\n<p><strong>Ex\u00e1menes julio \u2013 agosto 2023<\/strong><\/p>\n\n\n\n<p>Se comparten las fechas de ex\u00e1menes con<a href=\"https:\/\/drive.google.com\/drive\/folders\/1rac5ACq0NkuE97-xV-xQbTAJVHVfKRxQ?usp=sharing\">&nbsp;planillas mediante una carpeta compartida.<\/a><\/p>\n\n\n\n<p>CAMBIO:<\/p>\n\n\n\n<ul>\n<li>El examen de Psicolog\u00eda de primer a\u00f1o de Nivel Inicial se pasa al 9 de agosto.<\/li>\n\n\n\n<li>31 de julio \u2013 examen de Pedagog\u00eda inicia 19 hs.<\/li>\n<\/ul>\n\n\n\n<div style=\"height:20px\" aria-hidden=\"true\" class=\"wp-block-spacer\"><\/div>\n\n\n\n<h3 class=\"wp-block-heading has-base-3-color has-text-color has-background has-medium-font-size\" style=\"background:linear-gradient(135deg,rgb(51,60,124) 54%,rgb(6,147,227) 100%)\"><strong>HORARIOS DE CURSADO 2023<\/strong><\/h3>\n\n\n\n<h4 class=\"wp-block-heading has-text-color has-medium-font-size\" style=\"color:#333c7c\">Inicio de Clases<\/h4>\n\n\n<p style=\"margin-bottom: 50px;\"><strong>Fecha y hora:<\/strong> Lunes 10 de Abril a partir de las 18 hs.<br><strong>Ver<\/strong>: Horarios de Profesorados y Tecnicatura (debajo, en \u00e9sta misma p\u00e1gina).<br><strong>Salones de cada Comisi\u00f3n<\/strong> (sujeto a modificaciones).<\/p>\n\n\n<h3 class=\"wp-block-heading has-base-3-color has-text-color has-background has-medium-font-size\" style=\"background:linear-gradient(135deg,rgb(51,60,124) 54%,rgb(6,147,227) 100%)\">Tecnicatura en Administraci\u00f3n P\u00fablica<\/h3>\n\n\n\n<div class=\"wp-block-file\"><object class=\"wp-block-file__embed\" data=\"https:\/\/ies64-sfe.infd.edu.ar\/sitio\/wp-content\/uploads\/2023\/04\/Tecnicatura.pdf\" type=\"application\/pdf\" style=\"width:100%;height:600px\" aria-label=\"Incrustado de Tecnicatura.\"><\/object><a id=\"wp-block-file--media-0bb34f98-b0c2-4f14-9b40-32e72051bda3\" href=\"https:\/\/ies64-sfe.infd.edu.ar\/sitio\/wp-content\/uploads\/2023\/04\/Tecnicatura.pdf\">Tecnicatura<\/a><a href=\"https:\/\/ies64-sfe.infd.edu.ar\/sitio\/wp-content\/uploads\/2023\/04\/Tecnicatura.pdf\" class=\"wp-block-file__button wp-element-button\" download aria-describedby=\"wp-block-file--media-0bb34f98-b0c2-4f14-9b40-32e72051bda3\">Descarga<\/a><\/div>\n\n\n\n<hr class=\"wp-block-separator has-alpha-channel-opacity\"\/>\n\n\n\n<div style=\"height:20px\" aria-hidden=\"true\" class=\"wp-block-spacer\"><\/div>\n\n\n\n<h3 class=\"wp-block-heading has-base-3-color has-text-color has-background has-medium-font-size\" style=\"background:linear-gradient(135deg,rgb(51,60,124) 54%,rgb(6,147,227) 100%)\">Profesorado en Educaci\u00f3n Primaria<\/h3>\n\n\n\n<div class=\"wp-block-file\"><object class=\"wp-block-file__embed\" data=\"https:\/\/ies64-sfe.infd.edu.ar\/sitio\/wp-content\/uploads\/2023\/04\/Profesorado-Primaria.pdf\" type=\"application\/pdf\" style=\"width:100%;height:600px\" aria-label=\"Incrustado de Profesorado-Primaria.\"><\/object><a id=\"wp-block-file--media-a379cf81-c363-4c01-8347-bc39ff8118c1\" href=\"https:\/\/ies64-sfe.infd.edu.ar\/sitio\/wp-content\/uploads\/2023\/04\/Profesorado-Primaria.pdf\">Profesorado-Primaria<\/a><a href=\"https:\/\/ies64-sfe.infd.edu.ar\/sitio\/wp-content\/uploads\/2023\/04\/Profesorado-Primaria.pdf\" class=\"wp-block-file__button wp-element-button\" download aria-describedby=\"wp-block-file--media-a379cf81-c363-4c01-8347-bc39ff8118c1\">Descarga<\/a><\/div>\n\n\n\n<hr class=\"wp-block-separator has-alpha-channel-opacity\"\/>\n\n\n\n<div style=\"height:20px\" aria-hidden=\"true\" class=\"wp-block-spacer\"><\/div>\n\n\n\n<h3 class=\"wp-block-heading has-base-3-color has-text-color has-background has-medium-font-size\" style=\"background:linear-gradient(135deg,rgb(51,60,124) 54%,rgb(6,147,227) 100%)\">Profesorado en Educaci\u00f3n Inicial<\/h3>\n\n\n\n<div class=\"wp-block-file\"><object class=\"wp-block-file__embed\" data=\"https:\/\/ies64-sfe.infd.edu.ar\/sitio\/wp-content\/uploads\/2023\/04\/Profesorado-Inicial.pdf\" type=\"application\/pdf\" style=\"width:100%;height:600px\" aria-label=\"Incrustado de Profesorado-Inicial.\"><\/object><a id=\"wp-block-file--media-859ddade-7776-4fd5-b1de-a0caf63d9cef\" href=\"https:\/\/ies64-sfe.infd.edu.ar\/sitio\/wp-content\/uploads\/2023\/04\/Profesorado-Inicial.pdf\">Profesorado-Inicial<\/a><a href=\"https:\/\/ies64-sfe.infd.edu.ar\/sitio\/wp-content\/uploads\/2023\/04\/Profesorado-Inicial.pdf\" class=\"wp-block-file__button wp-element-button\" download aria-describedby=\"wp-block-file--media-859ddade-7776-4fd5-b1de-a0caf63d9cef\">Descarga<\/a><\/div>\n\n\n\n<h3 class=\"wp-block-heading has-base-3-color has-text-color has-background has-medium-font-size\" style=\"background:linear-gradient(135deg,rgb(51,60,124) 54%,rgb(6,147,227) 100%)\"><strong>RECORDATORIOS  &#8211;  INICIO  2023<\/strong><\/h3>\n\n\n\n<h4 class=\"wp-block-heading has-text-color has-medium-font-size\" style=\"color:#333c7c\">DECLARACION JURADA DE FAMILIARES:<\/h4>\n\n\n\n<p>Hasta el 28\/02\/2023 estar\u00e1 disponible desde la intranet provincial la<br>generaci\u00f3n de la DDJJ de Familiares a cargo 2023.<\/p>\n\n\n\n<p>La misma deber\u00e1 ser generada por todo el personal escolar (Docente y<br>Asistentes Escolares) con desempe\u00f1o en establecimientos educativos de<br>gesti\u00f3n oficial y privada. Debe enviarla aunque no existan cambios en<br>referencia a la DDJJ enviada en 2022.<\/p>\n\n\n\n<p>Recordamos que es importante mantener las lista de familiares<br>declarados actualizada, verificar los datos de familiares declarados y<br>consignar un n\u00famero de tel\u00e9fono de contacto para aquellos familiares<br>mayores de 18 a\u00f1os.<\/p>\n\n\n\n<p>Para realizarla deben ingresar a: https:\/\/www.santafe.gob.ar\/<br>[1]intranet [1] con su usuario y contrase\u00f1a de intranet.<\/p>\n\n\n\n<p>En caso de no tener usuario de intranet deber\u00e1 registrarse primero<br>desde este link: https:\/\/www.santafe.gob.ar\/idciudadana\/registro\/<\/p>\n\n\n\n<p>Una vez que gener\u00f3 la DDJJ 2023 debe presentarla en cada uno de los<br>establecimientos en los cuales tenga desempe\u00f1o al momento de<br>reincorporarse de la licencia anual ordinaria.<\/p>\n\n\n\n<p>Aclaraci\u00f3n:<\/p>\n\n\n\n<p>Si no posee familiares a cargo tambi\u00e9n debe generar la DDJJ por<br>sistema haciendo clic en el bot\u00f3n \u201cENVIAR DDJJ (sin familiares)\u00bb.<\/p>\n\n\n\n<p>En estos casos no es necesario presentarla en formato papel en ning\u00fan<br>lugar.<\/p>\n\n\n\n<h4 class=\"wp-block-heading has-text-color has-medium-font-size\" style=\"color:#333c7c\">REINCORPORACIONES 2023:<\/h4>\n\n\n\n<figure class=\"wp-block-image size-full is-resized\"><img decoding=\"async\" loading=\"lazy\" src=\"https:\/\/ies64-sfe.infd.edu.ar\/sitio\/wp-content\/uploads\/2023\/02\/Sin-titulo-1.png\" alt=\"\" class=\"wp-image-1993\" width=\"700\" height=\"599\"\/><\/figure>\n","protected":false},"excerpt":{"rendered":"<p>ULTIMAS NOVEDADES MESAS DE EX\u00c1MENES NOVIEMBRE &#8211; DICIEMBRE 2023 Acceso a las mesas de ex\u00e1menes MESAS DE EX\u00c1MENES JULIO &#8211; AGOSTO 2023 Ex\u00e1menes julio \u2013 agosto 2023 Se comparten las fechas de ex\u00e1menes con&nbsp;planillas mediante una carpeta compartida. CAMBIO: HORARIOS DE CURSADO 2023 Inicio de Clases Fecha y hora: Lunes 10 de Abril a partir &#8230; <a title=\"Mesas de Ex\u00e1menes feb\/mar 2026\" class=\"read-more\" href=\"https:\/\/ies64-sfe.infd.edu.ar\/sitio\/mesas-de-examenes\/\" aria-label=\"More on Mesas de Ex\u00e1menes feb\/mar 2026\">[+]<\/a><\/p>\n","protected":false},"author":280,"featured_media":0,"parent":0,"menu_order":0,"comment_status":"closed","ping_status":"closed","template":"","meta":[],"acf":[],"_links":{"self":[{"href":"https:\/\/ies64-sfe.infd.edu.ar\/sitio\/wp-json\/wp\/v2\/pages\/1054"}],"collection":[{"href":"https:\/\/ies64-sfe.infd.edu.ar\/sitio\/wp-json\/wp\/v2\/pages"}],"about":[{"href":"https:\/\/ies64-sfe.infd.edu.ar\/sitio\/wp-json\/wp\/v2\/types\/page"}],"author":[{"embeddable":true,"href":"https:\/\/ies64-sfe.infd.edu.ar\/sitio\/wp-json\/wp\/v2\/users\/280"}],"replies":[{"embeddable":true,"href":"https:\/\/ies64-sfe.infd.edu.ar\/sitio\/wp-json\/wp\/v2\/comments?post=1054"}],"version-history":[{"count":72,"href":"https:\/\/ies64-sfe.infd.edu.ar\/sitio\/wp-json\/wp\/v2\/pages\/1054\/revisions"}],"predecessor-version":[{"id":3177,"href":"https:\/\/ies64-sfe.infd.edu.ar\/sitio\/wp-json\/wp\/v2\/pages\/1054\/revisions\/3177"}],"wp:attachment":[{"href":"https:\/\/ies64-sfe.infd.edu.ar\/sitio\/wp-json\/wp\/v2\/media?parent=1054"}],"curies":[{"name":"wp","href":"https:\/\/api.w.org\/{rel}","templated":true}]}}