{"id":1638,"date":"2021-10-19T23:43:33","date_gmt":"2021-10-20T02:43:33","guid":{"rendered":"https:\/\/ies64-sfe.infd.edu.ar\/sitio\/?page_id=1638"},"modified":"2026-03-17T10:43:14","modified_gmt":"2026-03-17T13:43:14","slug":"ingreso-2023","status":"publish","type":"page","link":"https:\/\/ies64-sfe.infd.edu.ar\/sitio\/ingreso-2023\/","title":{"rendered":"Ingreso 2026"},"content":{"rendered":"\n<p>Comienzo del proped\u00e9utico :  16 de marzo 18.30 h . TODAS LAS CARRERAS<\/p>\n\n\n\n<p>Todos los d\u00edas hasta el 20 de marzo.  Duraci\u00f3n:  aproximadamente 2 h. <\/p>\n\n\n\n<p>  <\/p>\n\n\n\n<div class=\"wp-block-file\"><object class=\"wp-block-file__embed\" data=\"https:\/\/ies64-sfe.infd.edu.ar\/sitio\/wp-content\/uploads\/2026\/03\/REVISTA-ingresantes-2026-corregida.pdf\" type=\"application\/pdf\" style=\"width:100%;height:600px\" aria-label=\"Incrustado de REVISTA-ingresantes-2026-corregida.\"><\/object><a id=\"wp-block-file--media-323d1455-3049-4a9b-ba45-ab65cfc8eea3\" href=\"https:\/\/ies64-sfe.infd.edu.ar\/sitio\/wp-content\/uploads\/2026\/03\/REVISTA-ingresantes-2026-corregida.pdf\">REVISTA-ingresantes-2026-corregida<\/a><a href=\"https:\/\/ies64-sfe.infd.edu.ar\/sitio\/wp-content\/uploads\/2026\/03\/REVISTA-ingresantes-2026-corregida.pdf\" class=\"wp-block-file__button wp-element-button\" download aria-describedby=\"wp-block-file--media-323d1455-3049-4a9b-ba45-ab65cfc8eea3\">Descarga<\/a><\/div>\n\n\n\n<hr class=\"wp-block-separator has-alpha-channel-opacity\"\/>\n\n\n\n<figure class=\"wp-block-image size-full\"><img decoding=\"async\" loading=\"lazy\" width=\"941\" height=\"381\" src=\"https:\/\/ies64-sfe.infd.edu.ar\/sitio\/wp-content\/uploads\/2025\/12\/inscripcion-a-carreras.jpg\" alt=\"\" class=\"wp-image-3155\" srcset=\"https:\/\/ies64-sfe.infd.edu.ar\/sitio\/wp-content\/uploads\/2025\/12\/inscripcion-a-carreras.jpg 941w, https:\/\/ies64-sfe.infd.edu.ar\/sitio\/wp-content\/uploads\/2025\/12\/inscripcion-a-carreras-768x311.jpg 768w\" sizes=\"(max-width: 941px) 100vw, 941px\" \/><\/figure>\n\n\n\n<p><\/p>\n\n\n\n<figure class=\"wp-block-image size-full\"><img decoding=\"async\" loading=\"lazy\" width=\"491\" height=\"617\" src=\"https:\/\/ies64-sfe.infd.edu.ar\/sitio\/wp-content\/uploads\/2025\/12\/Sin-titulo.jpg\" alt=\"\" class=\"wp-image-3162\"\/><\/figure>\n\n\n\n<hr class=\"wp-block-separator has-alpha-channel-opacity\"\/>\n\n\n\n<figure class=\"wp-block-image size-full is-resized\"><img decoding=\"async\" src=\"https:\/\/ies64-sfe.infd.edu.ar\/sitio\/wp-content\/uploads\/2023\/03\/curso-intro-3.png\" alt=\"\" class=\"wp-image-2027\" width=\"605\"\/><\/figure>\n\n\n\n<div style=\"height:20px\" aria-hidden=\"true\" class=\"wp-block-spacer\"><\/div>\n","protected":false},"excerpt":{"rendered":"<p>Comienzo del proped\u00e9utico : 16 de marzo 18.30 h . TODAS LAS CARRERAS Todos los d\u00edas hasta el 20 de marzo. Duraci\u00f3n: aproximadamente 2 h.<\/p>\n","protected":false},"author":280,"featured_media":0,"parent":0,"menu_order":0,"comment_status":"closed","ping_status":"closed","template":"","meta":[],"acf":[],"_links":{"self":[{"href":"https:\/\/ies64-sfe.infd.edu.ar\/sitio\/wp-json\/wp\/v2\/pages\/1638"}],"collection":[{"href":"https:\/\/ies64-sfe.infd.edu.ar\/sitio\/wp-json\/wp\/v2\/pages"}],"about":[{"href":"https:\/\/ies64-sfe.infd.edu.ar\/sitio\/wp-json\/wp\/v2\/types\/page"}],"author":[{"embeddable":true,"href":"https:\/\/ies64-sfe.infd.edu.ar\/sitio\/wp-json\/wp\/v2\/users\/280"}],"replies":[{"embeddable":true,"href":"https:\/\/ies64-sfe.infd.edu.ar\/sitio\/wp-json\/wp\/v2\/comments?post=1638"}],"version-history":[{"count":78,"href":"https:\/\/ies64-sfe.infd.edu.ar\/sitio\/wp-json\/wp\/v2\/pages\/1638\/revisions"}],"predecessor-version":[{"id":3217,"href":"https:\/\/ies64-sfe.infd.edu.ar\/sitio\/wp-json\/wp\/v2\/pages\/1638\/revisions\/3217"}],"wp:attachment":[{"href":"https:\/\/ies64-sfe.infd.edu.ar\/sitio\/wp-json\/wp\/v2\/media?parent=1638"}],"curies":[{"name":"wp","href":"https:\/\/api.w.org\/{rel}","templated":true}]}}