{"id":3226,"date":"2026-03-26T10:31:47","date_gmt":"2026-03-26T13:31:47","guid":{"rendered":"https:\/\/ies64-sfe.infd.edu.ar\/sitio\/?page_id=3226"},"modified":"2026-03-26T11:03:54","modified_gmt":"2026-03-26T14:03:54","slug":"dia-de-la-memoria-a-50-anos","status":"publish","type":"page","link":"https:\/\/ies64-sfe.infd.edu.ar\/sitio\/dia-de-la-memoria-a-50-anos\/","title":{"rendered":"D\u00eda de la memoria a 50 a\u00f1os del golpe de estado de 1976"},"content":{"rendered":"\n<p class=\"has-text-align-center\">Memoria, por la Verdad y la Justicia<\/p>\n\n\n\n<p class=\"has-text-align-center\">Como cada a\u00f1o, este 24 de marzo se vuelve una fecha significativa que nos<br>invita a reflexionar sobre el nombre de nuestra instituci\u00f3n y todo lo que \u00e9l representa.<br>Ana Mar\u00eda Fonseca, estudiante del nivel secundario asesinada por un grupo de tareas<br>el 13 de septiembre de 1976, en el marco de la represi\u00f3n desplegada en la Argentina<br>durante la \u00faltima dictadura militar, nos convoca a pensar en el compromiso \u00e9tico y<br>pol\u00edtico con la sociedad.<br>Su nombre es una invitaci\u00f3n permanente a la reflexi\u00f3n para el personal de la<br>instituci\u00f3n, docentes y estudiantes que, d\u00eda a d\u00eda, transitan nuestras aulas buscando<br>\u2014al igual que Ana Mar\u00eda\u2014 un futuro m\u00e1s justo y humano. Un futuro donde la justicia,<br>el estudio, las m\u00faltiples lecturas, las risas compartidas, los mates, los ex\u00e1menes y las<br>clases -unido a la igualdad de oportunidades-, abran cada d\u00eda las puertas del Instituto.<br>Solo as\u00ed podremos seguir construyendo ese lazo social y cultural que nos permite<br>imaginar otros horizontes posibles.<br>La Memoria, la Verdad y la Justicia, una vez m\u00e1s, dicen \u00a1PRESENTE!.<\/p>\n\n\n\n<figure class=\"wp-block-image size-full is-resized\"><a href=\"https:\/\/drive.google.com\/file\/d\/170zcLcDpW2ixRUiTVU6p84X8uyC_dVXP\/view?usp=sharing\"><img decoding=\"async\" loading=\"lazy\" src=\"https:\/\/ies64-sfe.infd.edu.ar\/sitio\/wp-content\/uploads\/2026\/03\/ana-maria.jpg\" alt=\"\" class=\"wp-image-3235\" width=\"1020\" height=\"571\" srcset=\"https:\/\/ies64-sfe.infd.edu.ar\/sitio\/wp-content\/uploads\/2026\/03\/ana-maria.jpg 1334w, https:\/\/ies64-sfe.infd.edu.ar\/sitio\/wp-content\/uploads\/2026\/03\/ana-maria-1000x561.jpg 1000w, https:\/\/ies64-sfe.infd.edu.ar\/sitio\/wp-content\/uploads\/2026\/03\/ana-maria-768x431.jpg 768w\" sizes=\"(max-width: 1020px) 100vw, 1020px\" \/><\/a><\/figure>\n\n\n\n<div class=\"wp-block-file\"><object class=\"wp-block-file__embed\" data=\"https:\/\/ies64-sfe.infd.edu.ar\/sitio\/wp-content\/uploads\/2026\/03\/Ana-Maria-Fonseca-2026-2.pdf\" type=\"application\/pdf\" style=\"width:100%;height:600px\" aria-label=\"Incrustado de Ana-Maria-Fonseca-2026-2.\"><\/object><a id=\"wp-block-file--media-35011e1f-91c4-485b-9637-10fe45f78acf\" href=\"https:\/\/ies64-sfe.infd.edu.ar\/sitio\/wp-content\/uploads\/2026\/03\/Ana-Maria-Fonseca-2026-2.pdf\">Ana-Maria-Fonseca-2026-2<\/a><a href=\"https:\/\/ies64-sfe.infd.edu.ar\/sitio\/wp-content\/uploads\/2026\/03\/Ana-Maria-Fonseca-2026-2.pdf\" class=\"wp-block-file__button wp-element-button\" download aria-describedby=\"wp-block-file--media-35011e1f-91c4-485b-9637-10fe45f78acf\">Descarga<\/a><\/div>\n","protected":false},"excerpt":{"rendered":"<p>Memoria, por la Verdad y la Justicia Como cada a\u00f1o, este 24 de marzo se vuelve una fecha significativa que nosinvita a reflexionar sobre el nombre de nuestra instituci\u00f3n y todo lo que \u00e9l representa.Ana Mar\u00eda Fonseca, estudiante del nivel secundario asesinada por un grupo de tareasel 13 de septiembre de 1976, en el marco &#8230; <a title=\"D\u00eda de la memoria a 50 a\u00f1os del golpe de estado de 1976\" class=\"read-more\" href=\"https:\/\/ies64-sfe.infd.edu.ar\/sitio\/dia-de-la-memoria-a-50-anos\/\" aria-label=\"More on D\u00eda de la memoria a 50 a\u00f1os del golpe de estado de 1976\">[+]<\/a><\/p>\n","protected":false},"author":280,"featured_media":0,"parent":0,"menu_order":0,"comment_status":"closed","ping_status":"closed","template":"","meta":[],"acf":[],"_links":{"self":[{"href":"https:\/\/ies64-sfe.infd.edu.ar\/sitio\/wp-json\/wp\/v2\/pages\/3226"}],"collection":[{"href":"https:\/\/ies64-sfe.infd.edu.ar\/sitio\/wp-json\/wp\/v2\/pages"}],"about":[{"href":"https:\/\/ies64-sfe.infd.edu.ar\/sitio\/wp-json\/wp\/v2\/types\/page"}],"author":[{"embeddable":true,"href":"https:\/\/ies64-sfe.infd.edu.ar\/sitio\/wp-json\/wp\/v2\/users\/280"}],"replies":[{"embeddable":true,"href":"https:\/\/ies64-sfe.infd.edu.ar\/sitio\/wp-json\/wp\/v2\/comments?post=3226"}],"version-history":[{"count":7,"href":"https:\/\/ies64-sfe.infd.edu.ar\/sitio\/wp-json\/wp\/v2\/pages\/3226\/revisions"}],"predecessor-version":[{"id":3243,"href":"https:\/\/ies64-sfe.infd.edu.ar\/sitio\/wp-json\/wp\/v2\/pages\/3226\/revisions\/3243"}],"wp:attachment":[{"href":"https:\/\/ies64-sfe.infd.edu.ar\/sitio\/wp-json\/wp\/v2\/media?parent=3226"}],"curies":[{"name":"wp","href":"https:\/\/api.w.org\/{rel}","templated":true}]}}