{"id":807,"date":"2018-06-29T21:21:22","date_gmt":"2018-06-30T00:21:22","guid":{"rendered":"https:\/\/isp8st-sfe.infd.edu.ar\/sitio\/extension\/"},"modified":"2024-02-27T20:17:38","modified_gmt":"2024-02-27T23:17:38","slug":"extension","status":"publish","type":"page","link":"https:\/\/ies64-sfe.infd.edu.ar\/sitio\/extension\/","title":{"rendered":"Leyes como promotoras y protectoras de derechos"},"content":{"rendered":"\n<div class=\"wp-block-cover has-x-large-font-size\" style=\"min-height:100px\"><span aria-hidden=\"true\" class=\"wp-block-cover__background has-background-dim-0 has-background-dim\"><\/span><img decoding=\"async\" loading=\"lazy\" width=\"1020\" height=\"150\" class=\"wp-block-cover__image-background wp-image-2076\" alt=\"\" src=\"https:\/\/ies64-sfe.infd.edu.ar\/sitio\/wp-content\/uploads\/2023\/04\/header-bg.jpg\" data-object-fit=\"cover\" srcset=\"https:\/\/ies64-sfe.infd.edu.ar\/sitio\/wp-content\/uploads\/2023\/04\/header-bg.jpg 1020w, https:\/\/ies64-sfe.infd.edu.ar\/sitio\/wp-content\/uploads\/2023\/04\/header-bg-1000x147.jpg 1000w, https:\/\/ies64-sfe.infd.edu.ar\/sitio\/wp-content\/uploads\/2023\/04\/header-bg-768x113.jpg 768w\" sizes=\"(max-width: 1020px) 100vw, 1020px\" \/><div class=\"wp-block-cover__inner-container\">\n<p><br><strong>Ley de educaci\u00f3n nacional N\u00b0 26.206<\/strong> <\/p>\n<\/div><\/div>\n\n\n\n<p><a href=\"https:\/\/www.argentina.gob.ar\/sites\/default\/files\/ley-de-educ-nac-58ac89392ea4c.pdf\">Texto completo <\/a><\/p>\n\n\n\n<p>La Ley de Educaci\u00f3n Nacional N\u00b0 26.206 fue aprobada por el Congreso de la Naci\u00f3n el 14 de diciembre de 2006, constituyendo un paso fundamental en el proceso de recuperaci\u00f3n de la educaci\u00f3n para la construcci\u00f3n de una sociedad m\u00e1s justa.<\/p>\n\n\n\n<p>Sus contenidos est\u00e1n orientados a resolver los problemas de fragmentaci\u00f3n y desigualdad que afectan al Sistema Educativo y a enfrentar los desaf\u00edos de una sociedad en la cual el acceso universal a una educaci\u00f3n de buena calidad es requisito para la integraci\u00f3n social plena.<\/p>\n\n\n\n<p>La Ley N\u00b0 26.206 regula el ejercicio del derecho de ense\u00f1ar y aprender consagrado por el art\u00edculo 14 de la Constituci\u00f3n Nacional y los Tratados Internacionales incorporados a ella, conforme con las atribuciones conferidas al Honorable Congreso de la Naci\u00f3n en el art\u00edculo 75, incisos 17, 18, y 19, y de acuerdo con los principios que all\u00ed se establecen y los que esta ley determina.<\/p>\n\n\n\n<p>Asimismo la Ley de Educaci\u00f3n Nacional establece en el art\u00edculo 3 que la educaci\u00f3n es una prioridad nacional y se constituye en pol\u00edtica de Estado para construir una sociedad justa, reafirmar la soberan\u00eda e identidad nacional, profundizar el ejercicio de la ciudadan\u00eda democr\u00e1tica, respetar los derechos humanos y libertades fundamentales y fortalecer el desarrollo econ\u00f3mico \u2013 social de la Naci\u00f3n.<\/p>\n\n\n\n<div class=\"wp-block-cover has-x-large-font-size\" style=\"min-height:100px\"><span aria-hidden=\"true\" class=\"wp-block-cover__background has-background-dim-0 has-background-dim\"><\/span><img decoding=\"async\" loading=\"lazy\" width=\"1020\" height=\"150\" class=\"wp-block-cover__image-background wp-image-2076\" alt=\"\" src=\"https:\/\/ies64-sfe.infd.edu.ar\/sitio\/wp-content\/uploads\/2023\/04\/header-bg.jpg\" data-object-fit=\"cover\" srcset=\"https:\/\/ies64-sfe.infd.edu.ar\/sitio\/wp-content\/uploads\/2023\/04\/header-bg.jpg 1020w, https:\/\/ies64-sfe.infd.edu.ar\/sitio\/wp-content\/uploads\/2023\/04\/header-bg-1000x147.jpg 1000w, https:\/\/ies64-sfe.infd.edu.ar\/sitio\/wp-content\/uploads\/2023\/04\/header-bg-768x113.jpg 768w\" sizes=\"(max-width: 1020px) 100vw, 1020px\" \/><div class=\"wp-block-cover__inner-container\">\n<p><br><strong>Ley nacional N\u00b0 26.485\/2009<\/strong> de Protecci\u00f3n Integral para Prevenir, Sancionar y Erradicar la<br>Violencia contra las Mujeres<br>en los \u00e1mbitos en que desarrollen sus relaciones interpersonales<\/p>\n<\/div><\/div>\n\n\n\n<p>Ley de protecci\u00f3n integral para prevenir, sancionar y erradicar la violencia contra las mujeres en los \u00e1mbitos en que desarrollen sus relaciones interpersonales<\/p>\n\n\n\n<p>Sancionada: Marzo 11 de 2009.<\/p>\n\n\n\n<p>Promulgada de Hecho: Abril 1 de 2009.<\/p>\n\n\n\n<p><a href=\"http:\/\/servicios.infoleg.gob.ar\/infolegInternet\/anexos\/150000-154999\/152155\/norma.htm\">Texto completo <\/a><\/p>\n\n\n\n<div class=\"wp-block-cover has-x-large-font-size\" style=\"min-height:100px\"><span aria-hidden=\"true\" class=\"wp-block-cover__background has-background-dim-0 has-background-dim\"><\/span><img decoding=\"async\" loading=\"lazy\" width=\"1020\" height=\"150\" class=\"wp-block-cover__image-background wp-image-2076\" alt=\"\" src=\"https:\/\/ies64-sfe.infd.edu.ar\/sitio\/wp-content\/uploads\/2023\/04\/header-bg.jpg\" data-object-fit=\"cover\" srcset=\"https:\/\/ies64-sfe.infd.edu.ar\/sitio\/wp-content\/uploads\/2023\/04\/header-bg.jpg 1020w, https:\/\/ies64-sfe.infd.edu.ar\/sitio\/wp-content\/uploads\/2023\/04\/header-bg-1000x147.jpg 1000w, https:\/\/ies64-sfe.infd.edu.ar\/sitio\/wp-content\/uploads\/2023\/04\/header-bg-768x113.jpg 768w\" sizes=\"(max-width: 1020px) 100vw, 1020px\" \/><div class=\"wp-block-cover__inner-container\">\n<h2 class=\"wp-block-heading\">Ley nacional N\u00b0 <a href=\"https:\/\/www.argentina.gob.ar\/normativa\/nacional\/ley-27234-257439\">27234\/2015<\/a><\/h2>\n\n\n\n<p><strong>\u201cEducar en Igualdad: Prevenci\u00f3n y Erradicaci\u00f3n de la Violencia de G\u00e9nero\u201d<\/strong> <\/p>\n<\/div><\/div>\n\n\n\n<p>Educar en Igualdad: Prevenci\u00f3n y Erradicaci\u00f3n de la<br>Violencia de G\u00e9nero<br>LEY 27.234<br>BUENOS AIRES, 26 de Noviembre de 2015<br>Bolet\u00edn Oficial, 4 de Enero de 2016<\/p>\n\n\n\n<h5 class=\"wp-block-heading\">Resumen:<\/h5>\n\n\n\n<p>LA PRESENTE LEY ESTABLECE LAS BASES PARA QUE EN TODOS LOS ESTABLECIMIENTOS EDUCATIVOS DEL PAIS, PUBLICOS O PRIVADOS, DE NIVEL PRIMARIO, SECUNDARIO Y TERCIARIO SE REALICE LA JORNADA \u201cEDUCAR EN IGUALDAD: PREVENCION Y ERRADICACION DE LA VIOLENCIA DE GENERO\u201d CON EL OBJETIVO DE QUE LOS ALUMNOS, LAS ALUMNAS Y DOCENTES DESARROLLEN Y AFIANCEN ACTITUDES, SABERES, VALORES Y PRACTICAS QUE CONTRIBUYAN A PREVENIR Y ERRADICAR LA VIOLENCIA DE GENERO.<\/p>\n\n\n\n<p><a href=\"Resumen: LA PRESENTE LEY ESTABLECE LAS BASES PARA QUE EN TODOS LOS ESTABLECIMIENTOS EDUCATIVOS DEL PAIS, PUBLICOS O PRIVADOS, DE NIVEL PRIMARIO, SECUNDARIO Y TERCIARIO SE REALICE LA JORNADA \u201cEDUCAR EN IGUALDAD: PREVENCION Y ERRADICACION DE LA VIOLENCIA DE GENERO\u201d CON EL OBJETIVO DE QUE LOS ALUMNOS, LAS ALUMNAS Y DOCENTES DESARROLLEN Y AFIANCEN ACTITUDES, SABERES, VALORES Y PRACTICAS QUE CONTRIBUYAN A PREVENIR Y ERRADICAR LA VIOLENCIA DE GENERO.\">Texto completo<\/a><\/p>\n\n\n\n<div class=\"wp-block-file\"><object class=\"wp-block-file__embed\" data=\"https:\/\/ies64-sfe.infd.edu.ar\/sitio\/wp-content\/uploads\/2023\/07\/Repositorio-ESI-Superior_compressed.pdf\" type=\"application\/pdf\" style=\"width:100%;height:600px\" aria-label=\"Incrustado de Repositorio-ESI-Superior_compressed.\"><\/object><a id=\"wp-block-file--media-b8f66e51-26c0-41c1-ac0e-f15b8ee76fdb\" href=\"https:\/\/ies64-sfe.infd.edu.ar\/sitio\/wp-content\/uploads\/2023\/07\/Repositorio-ESI-Superior_compressed.pdf\">Repositorio-ESI-Superior_compressed<\/a><a href=\"https:\/\/ies64-sfe.infd.edu.ar\/sitio\/wp-content\/uploads\/2023\/07\/Repositorio-ESI-Superior_compressed.pdf\" class=\"wp-block-file__button wp-element-button\" download aria-describedby=\"wp-block-file--media-b8f66e51-26c0-41c1-ac0e-f15b8ee76fdb\">Descarga<\/a><\/div>\n\n\n\n<p><br><br><\/p>\n\n\n\n<div class=\"wp-block-file\"><object class=\"wp-block-file__embed\" data=\"https:\/\/ies64-sfe.infd.edu.ar\/sitio\/wp-content\/uploads\/2023\/07\/Guia-institucional-programa-nacional-esi.pdf\" type=\"application\/pdf\" style=\"width:100%;height:600px\" aria-label=\"Incrustado de Guia-institucional-programa-nacional-esi.\"><\/object><a id=\"wp-block-file--media-8366cc0a-857c-4371-82a2-ab4c5360bb0d\" href=\"https:\/\/ies64-sfe.infd.edu.ar\/sitio\/wp-content\/uploads\/2023\/07\/Guia-institucional-programa-nacional-esi.pdf\">Guia-institucional-programa-nacional-esi<\/a><a href=\"https:\/\/ies64-sfe.infd.edu.ar\/sitio\/wp-content\/uploads\/2023\/07\/Guia-institucional-programa-nacional-esi.pdf\" class=\"wp-block-file__button wp-element-button\" download aria-describedby=\"wp-block-file--media-8366cc0a-857c-4371-82a2-ab4c5360bb0d\">Descarga<\/a><\/div>\n\n\n\n<div class=\"wp-block-cover has-x-large-font-size\" style=\"min-height:100px\"><span aria-hidden=\"true\" class=\"wp-block-cover__background has-background-dim-0 has-background-dim\"><\/span><img decoding=\"async\" loading=\"lazy\" width=\"1020\" height=\"150\" class=\"wp-block-cover__image-background wp-image-2076\" alt=\"\" src=\"https:\/\/ies64-sfe.infd.edu.ar\/sitio\/wp-content\/uploads\/2023\/04\/header-bg.jpg\" data-object-fit=\"cover\" srcset=\"https:\/\/ies64-sfe.infd.edu.ar\/sitio\/wp-content\/uploads\/2023\/04\/header-bg.jpg 1020w, https:\/\/ies64-sfe.infd.edu.ar\/sitio\/wp-content\/uploads\/2023\/04\/header-bg-1000x147.jpg 1000w, https:\/\/ies64-sfe.infd.edu.ar\/sitio\/wp-content\/uploads\/2023\/04\/header-bg-768x113.jpg 768w\" sizes=\"(max-width: 1020px) 100vw, 1020px\" \/><div class=\"wp-block-cover__inner-container\">\n<h2 class=\"wp-block-heading\">Ley nacional N\u00b0 <strong>26.150<\/strong>\/2006<\/h2>\n\n\n\n<p>Educaci\u00f3n sexual integral <\/p>\n<\/div><\/div>\n\n\n\n<h1 class=\"wp-block-heading\">PROGRAMA NACIONAL DE EDUCACION SEXUAL INTEGRAL<\/h1>\n\n\n\n<h2 class=\"wp-block-heading\">ESTABLECIMIENTOS PUBLICOS, DE GESTION ESTATAL Y PRIVADA<\/h2>\n\n\n\n<p>Fecha de sanci\u00f3n&nbsp;<strong>04-10-2006<\/strong><\/p>\n\n\n\n<p>Publicada en el Bolet\u00edn Nacional del 24-Oct-2006<\/p>\n\n\n\n<h5 class=\"wp-block-heading\">Resumen:<\/h5>\n\n\n\n<p>ESTABLECESE QUE TODOS LOS EDUCANDOS TIENEN DERECHO A RECIBIR EDUCACION SEXUAL INTEGRAL EN LOS ESTABLECIMIENTOS EDUCATIVOS PUBLICOS, DE GESTION ESTATAL Y PRIVADA DE LAS JURISDICCIONES NACIONAL, PROVINCIAL, DE LA CIUDAD AUTONOMA DE BUENOS AIRES Y MUNICIPAL. CREACION Y OBJETIVOS DE DICHO PROGRAMA.<\/p>\n\n\n\n<p>Texto completo :   https:\/\/www.argentina.gob.ar\/normativa\/nacional\/ley-26150-121222\/texto <\/p>\n\n\n\n<div class=\"wp-block-cover has-x-large-font-size\" style=\"min-height:100px\"><span aria-hidden=\"true\" class=\"wp-block-cover__background has-background-dim-0 has-background-dim\"><\/span><img decoding=\"async\" loading=\"lazy\" width=\"1020\" height=\"150\" class=\"wp-block-cover__image-background wp-image-2076\" alt=\"\" src=\"https:\/\/ies64-sfe.infd.edu.ar\/sitio\/wp-content\/uploads\/2023\/04\/header-bg.jpg\" data-object-fit=\"cover\" srcset=\"https:\/\/ies64-sfe.infd.edu.ar\/sitio\/wp-content\/uploads\/2023\/04\/header-bg.jpg 1020w, https:\/\/ies64-sfe.infd.edu.ar\/sitio\/wp-content\/uploads\/2023\/04\/header-bg-1000x147.jpg 1000w, https:\/\/ies64-sfe.infd.edu.ar\/sitio\/wp-content\/uploads\/2023\/04\/header-bg-768x113.jpg 768w\" sizes=\"(max-width: 1020px) 100vw, 1020px\" \/><div class=\"wp-block-cover__inner-container\">\n<p><br><strong>Ley<\/strong> nacional N\u00b023.592: PENALIZACI\u00d3N DE ACTOS DISCRIMINATORIOS Y OTRAS LEYES SOBRE DISCRIMINACI\u00d3N <\/p>\n<\/div><\/div>\n\n\n\n<p>Resumen : <\/p>\n\n\n\n<p><strong>Establece a los actos discriminatorios como delitos, bas\u00e1ndose en el art\u00edculo 16&nbsp;de la Constituci\u00f3n Nacional, determinando que comete acto discriminatorio quien&nbsp;restrinja o menoscabe las bases igualitarias expresas en dicha Constituci\u00f3n. Considera&nbsp;particularmente \u201clos actos u omisiones discriminatorios determinados por motivos tales&nbsp;como raza, religi\u00f3n, nacionalidad, ideolog\u00eda, opini\u00f3n pol\u00edtica o gremial, sexo, posici\u00f3n&nbsp;econ\u00f3mica, condici\u00f3n social o caracteres f\u00edsicos.\u201d&nbsp;<\/strong><\/p>\n\n\n\n<div class=\"wp-block-cover has-x-large-font-size\" style=\"min-height:100px\"><span aria-hidden=\"true\" class=\"wp-block-cover__background has-background-dim-0 has-background-dim\"><\/span><img decoding=\"async\" loading=\"lazy\" width=\"1020\" height=\"150\" class=\"wp-block-cover__image-background wp-image-2076\" alt=\"\" src=\"https:\/\/ies64-sfe.infd.edu.ar\/sitio\/wp-content\/uploads\/2023\/04\/header-bg.jpg\" data-object-fit=\"cover\" srcset=\"https:\/\/ies64-sfe.infd.edu.ar\/sitio\/wp-content\/uploads\/2023\/04\/header-bg.jpg 1020w, https:\/\/ies64-sfe.infd.edu.ar\/sitio\/wp-content\/uploads\/2023\/04\/header-bg-1000x147.jpg 1000w, https:\/\/ies64-sfe.infd.edu.ar\/sitio\/wp-content\/uploads\/2023\/04\/header-bg-768x113.jpg 768w\" sizes=\"(max-width: 1020px) 100vw, 1020px\" \/><div class=\"wp-block-cover__inner-container\">\n<p><br><strong>Ley<\/strong> Micaela N\u00b027.499<\/p>\n<\/div><\/div>\n\n\n\n<h2 class=\"wp-block-heading\">CAPACITACI\u00d3N OBLIGATORIA EN LA TEM\u00c1TICA DE G\u00c9NERO Y VIOLENCIA CONTRA LAS MUJERES<\/h2>\n\n\n\n<p>Fecha de sanci\u00f3n&nbsp;<strong>19-12-2018<\/strong><\/p>\n\n\n\n<p>Publicada en el Bolet\u00edn Nacional del 10-Ene-2019<\/p>\n\n\n\n<h5 class=\"wp-block-heading\">Resumen:<\/h5>\n\n\n\n<p>ESTABLECESE LA CAPACITACI\u00d3N OBLIGATORIA EN LA TEM\u00c1TICA DE G\u00c9NERO Y VIOLENCIA CONTRA LAS MUJERES PARA TODAS LAS PERSONAS QUE SE DESEMPE\u00d1EN EN LA FUNCI\u00d3N P\u00daBLICA EN TODOS SUS NIVELES Y JERARQU\u00cdAS EN LOS PODERES EJECUTIVO, LEGISLATIVO Y JUDICIAL DE LA NACI\u00d3N.<\/p>\n\n\n\n<p><a href=\"https:\/\/www.argentina.gob.ar\/normativa\/nacional\/ley-27499-318666\/texto\">Texto completo <\/a><\/p>\n\n\n\n<div class=\"wp-block-cover\"><span aria-hidden=\"true\" class=\"wp-block-cover__background has-background-dim\"><\/span><img decoding=\"async\" class=\"wp-block-cover__image-background\" alt=\"\" src=\"https:\/\/ies64-sfe.infd.edu.ar\/sitio\/wp-content\/uploads\/2023\/04\/header-bg.jpg\" data-object-fit=\"cover\"\/><div class=\"wp-block-cover__inner-container\">\n<p>LEY 26061<br>Menores<br>Ley de Protecci\u00f3n Integral de los Derechos de las Ni\u00f1as, Ni\u00f1os y Adolescentes.<br>Objeto. Principios, derechos y garant\u00edas. Sistema de protecci\u00f3n Integral. \u00d3rganos<br>administrativos. Financiamiento<br>C\u00f3digo Civil<br>C\u00f3digo Procesal Civil y Comercial<br>Modificaci\u00f3n<br>sanc. 28\/09\/2005; promul. 21\/10\/2005; publ. 26\/10\/2005<\/p>\n<\/div><\/div>\n\n\n\n<div class=\"wp-block-file\"><object class=\"wp-block-file__embed\" data=\"https:\/\/ies64-sfe.infd.edu.ar\/sitio\/wp-content\/uploads\/2024\/02\/Ley_de_proteccion_integral-de-la-ninez-y-adolescentes-26061.pdf\" type=\"application\/pdf\" style=\"width:100%;height:600px\" aria-label=\"Incrustado de Ley_de_proteccion_integral-de-la-ninez-y-adolescentes-26061.\"><\/object><a id=\"wp-block-file--media-0687566e-c7ea-4479-ad33-4f4444fd3484\" href=\"https:\/\/ies64-sfe.infd.edu.ar\/sitio\/wp-content\/uploads\/2024\/02\/Ley_de_proteccion_integral-de-la-ninez-y-adolescentes-26061.pdf\">Ley_de_proteccion_integral-de-la-ninez-y-adolescentes-26061<\/a><a href=\"https:\/\/ies64-sfe.infd.edu.ar\/sitio\/wp-content\/uploads\/2024\/02\/Ley_de_proteccion_integral-de-la-ninez-y-adolescentes-26061.pdf\" class=\"wp-block-file__button wp-element-button\" download aria-describedby=\"wp-block-file--media-0687566e-c7ea-4479-ad33-4f4444fd3484\">Descarga<\/a><\/div>\n","protected":false},"excerpt":{"rendered":"<p>Texto completo La Ley de Educaci\u00f3n Nacional N\u00b0 26.206 fue aprobada por el Congreso de la Naci\u00f3n el 14 de diciembre de 2006, constituyendo un paso fundamental en el proceso de recuperaci\u00f3n de la educaci\u00f3n para la construcci\u00f3n de una sociedad m\u00e1s justa. Sus contenidos est\u00e1n orientados a resolver los problemas de fragmentaci\u00f3n y desigualdad &#8230; <a title=\"Leyes como promotoras y protectoras de derechos\" class=\"read-more\" href=\"https:\/\/ies64-sfe.infd.edu.ar\/sitio\/extension\/\" aria-label=\"More on Leyes como promotoras y protectoras de derechos\">[+]<\/a><\/p>\n","protected":false},"author":280,"featured_media":0,"parent":0,"menu_order":0,"comment_status":"closed","ping_status":"closed","template":"","meta":[],"acf":[],"_links":{"self":[{"href":"https:\/\/ies64-sfe.infd.edu.ar\/sitio\/wp-json\/wp\/v2\/pages\/807"}],"collection":[{"href":"https:\/\/ies64-sfe.infd.edu.ar\/sitio\/wp-json\/wp\/v2\/pages"}],"about":[{"href":"https:\/\/ies64-sfe.infd.edu.ar\/sitio\/wp-json\/wp\/v2\/types\/page"}],"author":[{"embeddable":true,"href":"https:\/\/ies64-sfe.infd.edu.ar\/sitio\/wp-json\/wp\/v2\/users\/280"}],"replies":[{"embeddable":true,"href":"https:\/\/ies64-sfe.infd.edu.ar\/sitio\/wp-json\/wp\/v2\/comments?post=807"}],"version-history":[{"count":17,"href":"https:\/\/ies64-sfe.infd.edu.ar\/sitio\/wp-json\/wp\/v2\/pages\/807\/revisions"}],"predecessor-version":[{"id":2848,"href":"https:\/\/ies64-sfe.infd.edu.ar\/sitio\/wp-json\/wp\/v2\/pages\/807\/revisions\/2848"}],"wp:attachment":[{"href":"https:\/\/ies64-sfe.infd.edu.ar\/sitio\/wp-json\/wp\/v2\/media?parent=807"}],"curies":[{"name":"wp","href":"https:\/\/api.w.org\/{rel}","templated":true}]}}