{"id":813,"date":"2018-06-29T21:21:25","date_gmt":"2018-06-30T00:21:25","guid":{"rendered":"https:\/\/isp8st-sfe.infd.edu.ar\/sitio\/investigacion\/"},"modified":"2023-04-18T15:22:31","modified_gmt":"2023-04-18T18:22:31","slug":"investigacion","status":"publish","type":"page","link":"https:\/\/ies64-sfe.infd.edu.ar\/sitio\/investigacion\/","title":{"rendered":"Investigaci\u00f3n"},"content":{"rendered":"\n<div class=\"wp-block-cover has-x-large-font-size\" style=\"min-height:100px\"><span aria-hidden=\"true\" class=\"wp-block-cover__background has-background-dim-0 has-background-dim\"><\/span><img decoding=\"async\" loading=\"lazy\" width=\"1020\" height=\"150\" class=\"wp-block-cover__image-background wp-image-2076\" alt=\"\" src=\"https:\/\/ies64-sfe.infd.edu.ar\/sitio\/wp-content\/uploads\/2023\/04\/header-bg.jpg\" data-object-fit=\"cover\" srcset=\"https:\/\/ies64-sfe.infd.edu.ar\/sitio\/wp-content\/uploads\/2023\/04\/header-bg.jpg 1020w, https:\/\/ies64-sfe.infd.edu.ar\/sitio\/wp-content\/uploads\/2023\/04\/header-bg-1000x147.jpg 1000w, https:\/\/ies64-sfe.infd.edu.ar\/sitio\/wp-content\/uploads\/2023\/04\/header-bg-768x113.jpg 768w\" sizes=\"(max-width: 1020px) 100vw, 1020px\" \/><div class=\"wp-block-cover__inner-container\">\n<h2 class=\"wp-block-heading\">INVESTIGACI\u00d3N<\/h2>\n<\/div><\/div>\n\n\n<p><strong><span style=\"color: #cc6600; font-family: Arial; font-size: medium;\">Biblioteca virtual sobre temas relacionados a la investigaci\u00f3n<\/span><\/strong><\/p>\n<div>\n<p>En esta secci\u00f3n se ofrece a la comunidad del Instituto una peque\u00f1a \u201cBiblioteca en l\u00ednea de Materiales de Investigaci\u00f3n\u201d. El armado de esta reducida biblioteca tem\u00e1tica en l\u00ednea tiene por finalidad dar a conocer materiales de estudio a todos aquellos actores educativos interesados en dise\u00f1ar proyectos de investigaci\u00f3n, realizar trabajos de investigaci\u00f3n y otras tareas de formaci\u00f3n. La accesibilidad y gratuidad de esta biblioteca no sustituye nuestra necesidad de una biblioteca f\u00edsica que re\u00fana en formato papel estas y otras producciones cient\u00edficas, pero espera acercar y facilitar la consulta de textos, fuentes y videos de inter\u00e9s y valor acad\u00e9mico. Los t\u00edtulos al momento relevados son los siguientes:<\/p>\n<\/div>\n<p>\u00a0<\/p>\n<div>\n<p>Sobre METODOLOG\u00cdA DE INVESTIGACI\u00d3N EN GENERAL E INVESTIGACI\u00d3N EDUCATIVA:<\/p>\n<ul>\n<li><em>Documento Metodol\u00f3gico Orientador para la Investigaci\u00f3n Educativa<\/em>. N\u00e9stor Pievi y Clara Bravin, Buenos Aires, Ministerio de Educaci\u00f3n de la Naci\u00f3n, 2008 (226 p\u00e1g.) <a href=\"http:\/\/repositorio.educacion.gov.ar\/dspace\/bitstream\/handle\/123456789\/96341\/EL002541.pdf?sequence=1\"><span style=\"color: #0000ff;\">http:\/\/repositorio.educacion.gov.ar\/dspace\/bitstream\/handle\/123456789\/96341\/EL002541.pdf?sequence=1<\/span><\/a><\/li>\n<li><em>Revista de Investigaci\u00f3n Educativa<\/em>. Ediciones de la Universidad de Murcia, Espa\u00f1a, N\u00fameros completos entre 1983-2012 (Vol. 1 a 30, 2 n\u00fameros por a\u00f1o) publicados en <a href=\"http:\/\/revistas.um.es\/rie\" target=\"_blank\" rel=\"noopener\">http:\/\/revistas.um.es\/rie<\/a><\/li>\n<li><em>Metodolog\u00eda de la investigaci\u00f3n<\/em>. David Rodr\u00edguez G\u00f3mez y Jordi Valldeoriola Roquet, Universitat Oberta de Catalunya. Versi\u00f3n en l\u00ednea: <a href=\"http:\/\/zanadoria.com\/syllabi\/m1019\/mat_cast-nodef\/PID_00148556-1.pdf\" target=\"_blank\" rel=\"noopener\">http:\/\/zanadoria.com\/syllabi\/m1019\/mat_cast-nodef\/PID_00148556-1.pdf<\/a><\/li>\n<\/ul>\n<p>\u00a0<\/p>\n<p>Sobre HISTORIA ORAL Y DE VIDA:<\/p>\n<ul>\n<li><em>La historia oral como historia desde abajo<\/em>. Ronald Fraser, Revista Ayer, N\u00ba 12, 1993. Versi\u00f3n en l\u00ednea: <a href=\"http:\/\/www.ahistcon.org\/docs\/ayer\/ayer12_05.pdf\" target=\"_blank\" rel=\"noopener\">www.ahistcon.org\/docs\/ayer\/ayer12_05.pdf<\/a><\/li>\n<li><em>Algunos apuntes sobre historia oral<\/em>. Liliana Barela, Mercedes Miguez y Luis Garc\u00eda Conde, Instituto Hist\u00f3rico de la Ciudad de Buenos Aires, Buenos Aires, 1999. Versi\u00f3n en l\u00ednea: <a href=\"http:\/\/www.historiaoralargentina.org\/attachments\/article\/APUNTES.pdf\" target=\"_blank\" rel=\"noopener\">http:\/\/www.historiaoralargentina.org\/attachments\/article\/APUNTES.pdf<\/a><\/li>\n<li><em>Historia Oral, memoria e historias traum\u00e1ticas<\/em>. Dora Schwarzstein. Versi\u00f3n en l\u00ednea: <a href=\"http:\/\/arpa.ucv.cl\/articulos\/memoriaehistoriastraumaticas.pdf\" target=\"_blank\" rel=\"noopener\">http:\/\/arpa.ucv.cl\/articulos\/memoriaehistoriastraumaticas.pdf<\/a><\/li>\n<li><em>La historia oral y de vida como enfoque metodol\u00f3gico en Ciencias Sociales<\/em>. Jorge Aceves Lozano, Diccionario Tem\u00e1tico CIESAS. Versi\u00f3n en l\u00ednea: <a href=\"http:\/\/www.ciesas.edu.mx\/Publicaciones\/diccionario\/Diccionario%20CIESAS\/TEMAS%20PDF\/Aceves%204b.pdf\" target=\"_blank\" rel=\"noopener\">http:\/\/www.ciesas.edu.mx\/Publicaciones\/diccionario\/Diccionario%20CIESAS\/TEMAS%20PDF\/Aceves%204b.pdf<\/a><\/li>\n<li><em>La voz del pasado. Historia oral<\/em>. Paul Thompson, Valencia, Ediciones Alfons el Magn\u00e0nim, 1988. Pr\u00f3logo de Mercedes Vilanova y Cap\u00edtulo 1 \u201cHistoria y comunidad\u201d. Versi\u00f3n en l\u00ednea: <a href=\"http:\/\/www.leesred.com\/ipc\/thompson_ho.pdf\" target=\"_blank\" rel=\"noopener\">http:\/\/www.leesred.com\/ipc\/thompson_ho.pdf<\/a><\/li>\n<li><em>Gu\u00eda de entrevista para la historia oral<\/em>. Paul Thompson: La voz del pasado. Historia oral. Valencia, Ediciones Alfons el Magn\u00e0nim, pp. 325-335. Versi\u00f3n en l\u00ednea: <a href=\"http:\/\/www.ub.edu\/antropo\/tutorial\/tecniques\/complements\/materials\/T5material\/T5_Guia_Thompson.pdf\" target=\"_blank\" rel=\"noopener\">http:\/\/www.ub.edu\/antropo\/tutorial\/tecniques\/complements\/materials\/T5material\/T5_Guia_Thompson.pdf<\/a><\/li>\n<\/ul>\n<p>\u00a0<\/p>\n<p>Sobre INVESTIGACI\u00d3N ACCI\u00d3N:<\/p>\n<ul>\n<li><em>Metodolog\u00eda de intervenci\u00f3n en la pr\u00e1ctica comunitaria: investigaci\u00f3n-acci\u00f3n, capital y cultivo social<\/em>. Eduardo A. Vizer, Revista do programa de pos-graduaci\u00e7ao em comunica\u00e7ao da Universidade Federal Fluminense. Versi\u00f3n en l\u00ednea: <a href=\"http:\/\/www.uff.br\/ciberlegenda\/ojs\/index.php\/revista\/article\/view\/286\/171\" target=\"_blank\" rel=\"noopener\">http:\/\/www.uff.br\/ciberlegenda\/ojs\/index.php\/revista\/article\/view\/286\/171<\/a><\/li>\n<li><em>El olvido de la investigaci\u00f3n-acci\u00f3n en el asesoramiento docente y la innovaci\u00f3n educativa<\/em>. Mart\u00ednez Bonaf\u00e9, Jaime, Profesorado. Revista de Curr\u00edculum y Formaci\u00f3n de Profesorado, vol. 12, n\u00fam. 1, 2008, pp. 1-10, Universidad de Granada, Espa\u00f1a. Versi\u00f3n en l\u00ednea: <a href=\"http:\/\/redalyc.uaemex.mx\/src\/inicio\/ArtPdfRed.jsp?iCve=56717073004\" target=\"_blank\" rel=\"noopener\">http:\/\/redalyc.uaemex.mx\/src\/inicio\/ArtPdfRed.jsp?iCve=56717073004<\/a><\/li>\n<\/ul>\n<\/div>\n<p>\u00a0<\/p>\n<p style=\"margin-bottom: 0cm;\">Sobre PROBLEM\u00c1TICAS SOCIALES CONTEMPOR\u00c1NEAS:<\/p>\n<p style=\"margin-bottom: 0cm;\"><em>Los movimientos sociales, nuevos y viejos: <\/em><\/p>\n<ul>\n<li>\n<p style=\"margin-bottom: 0cm;\">Definici\u00f3n, tipolog\u00eda y ejemplos diversos en Wikipedia (movimiento obrero, del software libre, estudiantil, feminista, pacifista, por los derechos civiles en Estados Unidos, antinuclear, antiglobalizaci\u00f3n, cooperativo, hippie, rastafari, ocupa, ecologista): <span style=\"color: #0000ff;\"><span style=\"text-decoration: underline;\"><a href=\"http:\/\/es.wikipedia.org\/wiki\/Movimiento_social\">http:\/\/es.wikipedia.org\/wiki\/Movimiento_social<\/a><\/span><\/span><\/p>\n<\/li>\n<li>\n<p style=\"margin-bottom: 0cm;\">Ra\u00fal Zibechi, Los movimientos sociales latinoamericanos: tendencias y desaf\u00edos, en: <span style=\"color: #0000ff;\"><span style=\"text-decoration: underline;\"><a href=\"http:\/\/www.biblioteca.clacso.edu.ar\/ar\/libros\/osal\/osal9\/zibechi.pdf\">www.biblioteca.clacso.edu.ar\/ar\/libros\/osal\/osal9\/zibechi.pdf<\/a><\/span><\/span><\/p>\n<\/li>\n<li>\n<p style=\"margin-bottom: 0cm;\">Maristella Svampa: \u201cMovimientos piqueteros, 2001-2011. Del centro pol\u00edtico al retorno a los barrios\u201d, \u201cMovimientos Sociales, matrices socio-pol\u00edticos y nuevos escenarios en Am\u00e9rica Latina\u201d, \u201cLa pol\u00edtica de los movimientos piqueteros\u201d y otros art\u00edculos suyos (formato pdf), en: <span style=\"color: #0000ff;\"><span style=\"text-decoration: underline;\"><a href=\"http:\/\/www.maristellasvampa.net\/publicaciones-ensayos.shtml\">http:\/\/www.maristellasvampa.net\/publicaciones-ensayos.shtml<\/a><\/span><\/span><\/p>\n<\/li>\n<li>\n<p style=\"margin-bottom: 0cm;\">Sydney Tarrow \u201cEl poder en movimiento. Los movimientos sociales, la acci\u00f3n colectiva y la pol\u00edtica\u201d, Alianza, Madrid, 1997. Rese\u00f1a del libro en l\u00ednea: <span style=\"color: #0000ff;\"><span style=\"text-decoration: underline;\"><a href=\"http:\/\/www.uned.es\/123075\/archivos\/Ficha%20Tarrow.pdf\">www.uned.es\/123075\/archivos\/Ficha%20Tarrow.pdf<\/a><\/span><\/span><\/p>\n<\/li>\n<\/ul>\n<p>\u00a0<\/p>\n<p style=\"margin-bottom: 0cm;\"><em>Los museos. Reflexiones sobre su estructura, discurso y finalidad social:<\/em><\/p>\n<ul>\n<li>\n<p style=\"margin-bottom: 0cm;\">Marta Dujovne, Silvia Calvo y Ver\u00f3nica Staffora: <em>Ir al museo. Notas para docentes<\/em>, Ministerio de Educaci\u00f3n de la Naci\u00f3n, Buenos Aires, 2001. Versi\u00f3n en l\u00ednea: <span style=\"color: #0000ff;\"><span style=\"text-decoration: underline;\"><a href=\"http:\/\/www.me.gov.ar\/curriform\/publica\/iralmuseo.pdf\">http:\/\/www.me.gov.ar\/curriform\/publica\/iralmuseo.pdf<\/a><\/span><\/span><\/p>\n<\/li>\n<li>\n<p style=\"margin-bottom: 0cm;\">Federico Garc\u00eda Serrano: \u201cLa formaci\u00f3n hist\u00f3rica del concepto de museo\u201d, en <em>El Museo Imaginado. Museo Virtual y Base de Datos de la Pintura Espa\u00f1ola fuera de Espa\u00f1a<\/em>, Proyecto del Ministerio de Cultura de Espa\u00f1a dirigido por Garc\u00eda Serrano. Versi\u00f3n en l\u00ednea: <span style=\"color: #0000ff;\"><span style=\"text-decoration: underline;\"><a href=\"http:\/\/www.museoimaginado.com\/TEXTOS\/Museo.pdf\">www.museoimaginado.com\/TEXTOS\/Museo.pdf<\/a><\/span><\/span><\/p>\n<\/li>\n<\/ul>\n<p>\u00a0<\/p>\n<p>Sobre VIDEOS EDUCATIVOS:<\/p>\n<ul>\n<li>\n<p style=\"margin-bottom: 0cm;\"><em>Gu\u00eda de video escolar: Uso metodol\u00f3gico del video en la educaci\u00f3n<\/em>. Y\u00e9ssica Ulloa Vidal, Ediciones, 1996. Se accede a una lectura parcial en: <span style=\"color: #0000ff;\"><span style=\"text-decoration: underline;\"><a href=\"http:\/\/books.google.com.ar\/books?id=9UjK-VIv8S0C&amp;pg=PA15&amp;dq=videos+educativos&amp;hl=es&amp;sa=X&amp;ei=jqwlUeTQJob69QSLt4HADg&amp;ved=0CCsQ6AEwAA#v=onepage&amp;q=videos%20educativos&amp;f=false\">http:\/\/books.google.com.ar\/books?id=9UjK-VIv8S0C&amp;pg=PA15&amp;dq=videos+educativos&amp;hl=es&amp;sa=X&amp;ei=jqwlUeTQJob69QSLt4HADg&amp;ved=0CCsQ6AEwAA#v=onepage&amp;q=videos%20educativos&amp;f=false<\/a><\/span><\/span><\/p>\n<\/li>\n<li>\n<p style=\"margin-bottom: 0cm;\"><em>Videos &amp; Descargas de las se\u00f1ales televisivas Encuentro y Pakapaka<\/em>, pertenecientes al portal educ.ar. <span style=\"color: #0000ff;\"><span style=\"text-decoration: underline;\"><a href=\"http:\/\/descargas.encuentro.gov.ar\/\">http:\/\/descargas.encuentro.gov.ar\/<\/a><\/span><\/span><\/p>\n<\/li>\n<li>\n<p style=\"margin-bottom: 0cm;\"><em>La historia de las cosas<\/em> (<em>Story of Stuff<\/em>), documental de Annie Leonard con perspectiva cr\u00edtica sobre el proceso de explotaci\u00f3n de la naturaleza y el trabajo humano as\u00ed como la producci\u00f3n del consumo masivo y mercantilizaci\u00f3n de la vida. 22 minutos aprox. Versi\u00f3n subtitulada en castellano: <span style=\"color: #0000ff;\"><span style=\"text-decoration: underline;\"><a href=\"http:\/\/www.youtube.com\/watch?v=34iaoD36ZjI\">http:\/\/www.youtube.com\/watch?v=34iaoD36ZjI<\/a><\/span><\/span> Versi\u00f3n doblada al castellano: <span style=\"color: #0000ff;\"><span style=\"text-decoration: underline;\"><a href=\"http:\/\/www.youtube.com\/watch?v=lrz8FH4PQPU\">http:\/\/www.youtube.com\/watch?v=lrz8FH4PQPU<\/a><\/span><\/span><\/p>\n<\/li>\n<li>\n<p style=\"margin-bottom: 0cm;\"><em>V\u00eddeos sobre cambios y movimientos sociales<\/em>: \u201cEl movimiento obrero en general y espa\u00f1ol\u201d: <span style=\"color: #0000ff;\"><span style=\"text-decoration: underline;\"><a href=\"http:\/\/www.pedrocolmenero.es\/home\/ha-mundo-contemp\/cambios-y-movimientos-sociales\/vdeos-sobre-cambios-y-movimientos-sociales\">http:\/\/www.pedrocolmenero.es\/home\/ha-mundo-contemp\/cambios-y-movimientos-sociales\/vdeos-sobre-cambios-y-movimientos-sociales<\/a><\/span><\/span>;<\/p>\n<\/li>\n<li>\n<p style=\"margin-bottom: 0cm;\"><em>V\u00eddeos sobre crisis y movimientos sociales<\/em>: La crisis del sistema mundo capitalista. El sistema mundo y los movimientos sociales, de Ra\u00fal Zibechi, Peri\u00f3dico desde abajo \u2013 Le Monde Diplomatique. 53 minutos aprox.: <span style=\"color: #0000ff;\"><span style=\"text-decoration: underline;\"><a href=\"http:\/\/www.youtube.com\/watch?v=vXVV4IkQYDM\">http:\/\/www.youtube.com\/watch?v=vXVV4IkQYDM<\/a><\/span><\/span><\/p>\n<\/li>\n<\/ul>\n<p>\u00a0<\/p>\n<p style=\"margin-bottom: 0cm;\">Sobre ARCHIVOS, BIBLIOTECAS Y DOCUMENTACI\u00d3N:<\/p>\n<p style=\"margin-bottom: 0cm;\"><span lang=\"es-ES\"><em>Sistema Provincial de Archivos de Santa Fe<\/em><\/span><span lang=\"es-ES\">: <\/span><span style=\"color: #0000ff;\"><span style=\"text-decoration: underline;\"><a href=\"http:\/\/www.santafe-conicet.gov.ar\/sipar\/\"><span lang=\"es-ES\">http:\/\/www.santafe-conicet.gov.ar\/sipar\/<\/span><\/a><\/span><\/span><span lang=\"es-ES\">Dentro de esta p\u00e1gina se encuentran sitios de inter\u00e9s como:<\/span><\/p>\n<ul>\n<li>\n<p style=\"margin-bottom: 0cm;\"><span lang=\"es-ES\">Base de datos del Archivo Hist\u00f3rico (1816-1920): Buscador por tema, localidad, iniciador.<\/span> <span style=\"color: #0000ff;\"><span style=\"text-decoration: underline;\"><a href=\"http:\/\/www.santafe-conicet.gov.ar\/sipar\/archivo.html\"><span lang=\"es-ES\">http:\/\/www.santafe-conicet.gov.ar\/sipar\/archivo.html<\/span><\/a><\/span><\/span><\/p>\n<\/li>\n<li>\n<p style=\"margin-bottom: 0cm;\"><span lang=\"es-ES\">Banco de Im\u00e1genes Flori\u00e1n Paucke: colecci\u00f3n de fotograf\u00edas de diverso origen y propiedad acerca de temas varios de la provincia, que se buscan mediante palabras clave, clasificaci\u00f3n tem\u00e1tica de im\u00e1genes, fecha, lugar, autor, etc. En: <\/span><span style=\"color: #0000ff;\"><span style=\"text-decoration: underline;\"><a href=\"http:\/\/gobierno.santafe.gov.ar\/archivo_general\/florian_paucke\/\"><span lang=\"es-ES\">http:\/\/gobierno.santafe.gov.ar\/archivo_general\/florian_paucke\/<\/span><\/a><\/span><\/span><\/p>\n<\/li>\n<li>\n<p style=\"margin-bottom: 0cm;\"><span lang=\"\">Base de datos de la Biblioteca: <\/span><span style=\"color: #0000ff;\"><span style=\"text-decoration: underline;\"><a href=\"http:\/\/www2.santafe-conicet.gov.ar\/sipar\/\"><span lang=\"\">http:\/\/www2.santafe-conicet.gov.ar\/sipar\/<\/span><\/a><\/span><\/span><\/p>\n<\/li>\n<li>\n<p style=\"margin-bottom: 0cm;\"><span lang=\"es-ES\">Base Hemeroteca Fray Casta\u00f1eda, que contiene dos diarios digitalizados: \u201cSanta Fe\u201d (1911-33) y \u201cEl Orden\u201d (1927-55): <\/span><span style=\"color: #0000ff;\"><span style=\"text-decoration: underline;\"><a href=\"http:\/\/gobierno.santafe.gov.ar\/archivo_general\/hemeroteca\/\"><span lang=\"es-ES\">http:\/\/gobierno.santafe.gov.ar\/archivo_general\/hemeroteca\/<\/span><\/a><\/span><\/span><\/p>\n<\/li>\n<li>\n<p style=\"margin-bottom: 0cm;\"><span lang=\"es-ES\">Censo de Archivos Iberoamericanos: <\/span>Permite buscar archivos americanos y peninsulares de diverso tipo: bancario, empresarial, general de la naci\u00f3n, provincial, hospitalario, militar, mon\u00e1stico, municipal, nobiliario, parroquial, universitario, de asociaci\u00f3n, de centro ben\u00e9fico, de cofrad\u00eda, de colegio profesional, de c\u00e1mara agraria, de derechos humanos, de instituci\u00f3n cient\u00edfica, de instituci\u00f3n penitenciaria, de medio de comunicaci\u00f3n, de organismo internacional, de organizaci\u00f3n patronal, de organizaci\u00f3n sindical, de partidos pol\u00edticos, etc. En: <span style=\"color: #0000ff;\"><span style=\"text-decoration: underline;\"><a href=\"http:\/\/censoarchivos.mcu.es\/CensoGuia\/portada.htm\"><span lang=\"es-ES\">http:\/\/censoarchivos.mcu.es\/CensoGuia\/portada.htm<\/span><\/a><\/span><\/span><\/p>\n<\/li>\n<li>\n<p style=\"margin-bottom: 0cm;\">En \u201cEnlaces\u201d de esa p\u00e1gina se accede a un listado de archivos diversos del mundo: <span style=\"color: #0000ff;\"><span style=\"text-decoration: underline;\"><a href=\"http:\/\/www.santafe-conicet.gov.ar\/sipar\/enlaces.html\">http:\/\/www.santafe-conicet.gov.ar\/sipar\/enlaces.html<\/a><\/span><\/span><\/p>\n<\/li>\n<\/ul>\n<p>\u00a0<\/p>\n<p><span lang=\"es-ES\"><em>Otros archivos en Santa Fe y Argentina:<\/em><\/span><\/p>\n<ul>\n<li>\n<p style=\"margin-bottom: 0cm;\">Archivo de la Legislatura de la Provincia de Santa Fe: dependiente de la C\u00e1mara de Diputados. Contiene diarios de sesiones legislativas, debates de asambleas constituyentes, fichas de diputados, proyectos de ley \/ resoluciones \/ contestaciones, etc., desde 1852. En: <span style=\"color: #0000ff;\"><span style=\"text-decoration: underline;\"><a href=\"http:\/\/www.diputadossantafe.gov.ar\/diputados\/index.php?go=resrec&amp;a=a\">http:\/\/www.diputadossantafe.gov.ar\/diputados\/index.php?go=resrec&amp;a=a<\/a><\/span><\/span><\/p>\n<\/li>\n<li>\n<p style=\"margin-bottom: 0cm;\">Archivo del Concejo Deliberante de la Ciudad de Santa Fe: Contiene Notas, Actas, Expedientes, Resoluciones, Fichas, Ordenanzas, Decretos, Comunicaciones, Legajos, Formularios, Planillas, Leyes, Memor\u00e1ndum y Contratos, desde 1873 a 2007. En: <span style=\"color: #0000ff;\"><span style=\"text-decoration: underline;\"><a href=\"http:\/\/www.concejosantafe.gov.ar\/index.php?option=com_content&amp;task=view&amp;id=771&amp;Itemid=134\">http:\/\/www.concejosantafe.gov.ar\/index.php?option=com_content&amp;task=view&amp;id=771&amp;Itemid=134<\/a><\/span><\/span><\/p>\n<\/li>\n<li>\n<p style=\"margin-bottom: 0cm;\"><span lang=\"es-ES\">Documentos Hist\u00f3ricos del Ministerio de Educaci\u00f3n de la Naci\u00f3n: <\/span><span style=\"color: #0000ff;\"><span style=\"text-decoration: underline;\"><a href=\"http:\/\/bibliotecaescolar.educ.ar\/indice\"><span lang=\"es-ES\">http:\/\/bibliotecaescolar.educ.ar\/indice<\/span><\/a><\/span><\/span><\/p>\n<\/li>\n<\/ul>\n<p>\u00a0<\/p>\n<p style=\"margin-bottom: 0cm;\"><em>Bibliotecas f\u00edsicas:<\/em><\/p>\n<ul>\n<li>\n<p style=\"margin-bottom: 0cm;\"><span lang=\"es-ES\">Biblioteca Popular Dr. Jos\u00e9 G\u00e1lvez: <\/span><span style=\"color: #0000ff;\"><span style=\"text-decoration: underline;\"><a href=\"http:\/\/web1.unl.edu.ar\/bibliotecagalvez\/\"><span lang=\"es-ES\">http:\/\/web1.unl.edu.ar\/bibliotecagalvez\/<\/span><\/a><\/span><\/span><\/p>\n<\/li>\n<li>\n<p style=\"margin-bottom: 0cm;\"><span lang=\"es-ES\">Biblioteca Pedag\u00f3gica y Popular Domingo F. Sarmiento: <\/span><span style=\"color: #0000ff;\"><span style=\"text-decoration: underline;\"><a href=\"http:\/\/www2.ceride.gov.ar\/wxis\/bibpop\/inicio\/frame2.htm\"><span lang=\"es-ES\">http:\/\/www2.ceride.gov.ar\/wxis\/bibpop\/inicio\/frame2.htm<\/span><\/a><\/span><\/span><\/p>\n<\/li>\n<li>\n<p style=\"margin-bottom: 0cm;\"><span lang=\"es-ES\">Biblioteca Argentina Juan \u00c1lvarez (Rosario): <\/span><span style=\"color: #0000ff;\"><span style=\"text-decoration: underline;\"><a href=\"http:\/\/www.biblioargentina.gob.ar\/buscador\/index.html\"><span lang=\"es-ES\">http:\/\/www.biblioargentina.gob.ar\/buscador\/index.html<\/span><\/a><\/span><\/span><\/p>\n<\/li>\n<li>\n<p style=\"margin-bottom: 0cm;\"><span lang=\"es-ES\">Biblioteca de la Naci\u00f3n Argentina (Buenos Aires): <\/span><span style=\"color: #0000ff;\"><span style=\"text-decoration: underline;\"><a href=\"http:\/\/www.bn.gov.ar\/\"><span lang=\"es-ES\">http:\/\/www.bn.gov.ar\/<\/span><\/a><\/span><\/span><\/p>\n<\/li>\n<li>\n<p style=\"margin-bottom: 0cm;\"><span lang=\"es-ES\">Biblioteca del Congreso de la Naci\u00f3n Argentina (Buenos Aires): <\/span><span style=\"color: #0000ff;\"><span style=\"text-decoration: underline;\"><a href=\"http:\/\/bcnbib.gov.ar\/\"><span lang=\"es-ES\">http:\/\/bcnbib.gov.ar<\/span><\/a><\/span><\/span><\/p>\n<\/li>\n<\/ul>\n<p>\u00a0<\/p>\n<p><em>Bibliotecas digitales:<\/em><\/p>\n<ul>\n<li>\n<p style=\"margin-bottom: 0cm;\"><span lang=\"es-ES\">Biblioteca Digital Mundial de la UNESCO: <\/span><span style=\"color: #0000ff;\"><span style=\"text-decoration: underline;\"><a href=\"http:\/\/www.wdl.org\/es\/\"><span lang=\"es-ES\">http:\/\/www.wdl.org\/es\/<\/span><\/a><\/span><\/span><\/p>\n<\/li>\n<li>\n<p style=\"margin-bottom: 0cm;\"><span lang=\"es-ES\">Biblioteca Digital Hisp\u00e1nica, de la Biblioteca Nacional de Espa\u00f1a: Carteles, dibujos, literatura, mapas, grabados, textos hist\u00f3ricos. Aprox. Siglos XV a XX: <\/span><span style=\"color: #0000ff;\"><span style=\"text-decoration: underline;\"><a href=\"http:\/\/bibliotecadigitalhispanica.bne.es\/R\/?func=base-list\"><span lang=\"es-ES\">http:\/\/bibliotecadigitalhispanica.bne.es\/R\/?func=base-list<\/span><\/a><\/span><\/span><\/p>\n<\/li>\n<li>\n<p style=\"margin-bottom: 0cm;\"><span lang=\"es-ES\">Textos Electr\u00f3nicos sobre Cultura Hisp\u00e1nica:: <\/span><span style=\"color: #0000ff;\"><span style=\"text-decoration: underline;\"><a href=\"http:\/\/www.latindex.com\/cultura\/literat-textos.htm\"><span lang=\"es-ES\">http:\/\/www.latindex.com\/cultura\/literat-textos.htm<\/span><\/a><\/span><\/span><\/p>\n<\/li>\n<li>\n<p style=\"margin-bottom: 0cm;\"><span lang=\"es-ES\">Biblioteca Virtual Miguel de Cervantes: <\/span><span style=\"color: #0000ff;\"><span style=\"text-decoration: underline;\"><a href=\"http:\/\/www.cervantesvirtual.com\/\"><span lang=\"es-ES\">http:\/\/www.cervantesvirtual.com<\/span><\/a><\/span><\/span><\/p>\n<\/li>\n<li>\n<p style=\"margin-bottom: 0cm;\"><span lang=\"es-ES\">Universia. Portal de bibliotecas digitales: <\/span><span style=\"color: #0000ff;\"><span style=\"text-decoration: underline;\"><a href=\"http:\/\/biblio.universia.es\/bibliotecas-digitales\/bibliotecas-digitales-extranjeras\/\"><span lang=\"es-ES\">http:\/\/biblio.universia.es\/bibliotecas-digitales\/bibliotecas-digitales-extranjeras\/<\/span><\/a><\/span><\/span><\/p>\n<\/li>\n<\/ul>\n<p>\u00a0<\/p>\n<p style=\"margin-bottom: 0cm;\"><span lang=\"es-ES\"><em>Diccionarios hist\u00f3ricos:<\/em><\/span><\/p>\n<ul>\n<li>\n<p style=\"margin-bottom: 0cm;\"><span lang=\"es-ES\">Nuevo Tesoro Lexicogr\u00e1fico de la Lengua Espa\u00f1ola. Diccionarios hist\u00f3ricos espa\u00f1oles de 1726 a 1992: permite la b\u00fasqueda de t\u00e9rminos que han formado parte del vocabulario espa\u00f1ol entre los siglos XVIII y XX, y muestra las transformaciones de los significados. En: <\/span><span style=\"color: #0000ff;\"><span style=\"text-decoration: underline;\"><a href=\"http:\/\/buscon.rae.es\/ntlle\/SrvltGUILoginNtlle\"><span lang=\"es-ES\">http:\/\/buscon.rae.es\/ntlle\/SrvltGUILoginNtlle<\/span><\/a><\/span><\/span><\/p>\n<\/li>\n<\/ul>\n<p>\u00a0<\/p>\n<p lang=\"es-ES\" style=\"margin-bottom: 0cm;\">\u00a0<\/p>\n<p><strong><span style=\"color: #cc6600; font-family: Arial; font-size: medium;\">\u00a0<\/span><\/strong><\/p>\n<p>\u00a0<\/p>","protected":false},"excerpt":{"rendered":"<p>Biblioteca virtual sobre temas relacionados a la investigaci\u00f3n En esta secci\u00f3n se ofrece a la comunidad del Instituto una peque\u00f1a \u201cBiblioteca en l\u00ednea de Materiales de Investigaci\u00f3n\u201d. El armado de esta reducida biblioteca tem\u00e1tica en l\u00ednea tiene por finalidad dar a conocer materiales de estudio a todos aquellos actores educativos interesados en dise\u00f1ar proyectos de &#8230; <a title=\"Investigaci\u00f3n\" class=\"read-more\" href=\"https:\/\/ies64-sfe.infd.edu.ar\/sitio\/investigacion\/\" aria-label=\"More on Investigaci\u00f3n\">[+]<\/a><\/p>\n","protected":false},"author":280,"featured_media":0,"parent":0,"menu_order":0,"comment_status":"closed","ping_status":"closed","template":"","meta":[],"acf":[],"_links":{"self":[{"href":"https:\/\/ies64-sfe.infd.edu.ar\/sitio\/wp-json\/wp\/v2\/pages\/813"}],"collection":[{"href":"https:\/\/ies64-sfe.infd.edu.ar\/sitio\/wp-json\/wp\/v2\/pages"}],"about":[{"href":"https:\/\/ies64-sfe.infd.edu.ar\/sitio\/wp-json\/wp\/v2\/types\/page"}],"author":[{"embeddable":true,"href":"https:\/\/ies64-sfe.infd.edu.ar\/sitio\/wp-json\/wp\/v2\/users\/280"}],"replies":[{"embeddable":true,"href":"https:\/\/ies64-sfe.infd.edu.ar\/sitio\/wp-json\/wp\/v2\/comments?post=813"}],"version-history":[{"count":1,"href":"https:\/\/ies64-sfe.infd.edu.ar\/sitio\/wp-json\/wp\/v2\/pages\/813\/revisions"}],"predecessor-version":[{"id":2165,"href":"https:\/\/ies64-sfe.infd.edu.ar\/sitio\/wp-json\/wp\/v2\/pages\/813\/revisions\/2165"}],"wp:attachment":[{"href":"https:\/\/ies64-sfe.infd.edu.ar\/sitio\/wp-json\/wp\/v2\/media?parent=813"}],"curies":[{"name":"wp","href":"https:\/\/api.w.org\/{rel}","templated":true}]}}