{"id":838,"date":"2018-06-29T21:21:36","date_gmt":"2018-06-30T00:21:36","guid":{"rendered":"https:\/\/isp8st-sfe.infd.edu.ar\/sitio\/estudiantes\/"},"modified":"2026-04-13T14:56:40","modified_gmt":"2026-04-13T17:56:40","slug":"estudiantes","status":"publish","type":"page","link":"https:\/\/ies64-sfe.infd.edu.ar\/sitio\/estudiantes\/","title":{"rendered":"Estudiantes"},"content":{"rendered":"\n<div class=\"wp-block-cover has-x-large-font-size\" style=\"min-height:264px\"><span aria-hidden=\"true\" class=\"wp-block-cover__background has-background-dim-0 has-background-dim\"><\/span><img decoding=\"async\" loading=\"lazy\" width=\"1020\" height=\"150\" class=\"wp-block-cover__image-background wp-image-2076\" alt=\"\" src=\"https:\/\/ies64-sfe.infd.edu.ar\/sitio\/wp-content\/uploads\/2023\/04\/header-bg.jpg\" data-object-fit=\"cover\" srcset=\"https:\/\/ies64-sfe.infd.edu.ar\/sitio\/wp-content\/uploads\/2023\/04\/header-bg.jpg 1020w, https:\/\/ies64-sfe.infd.edu.ar\/sitio\/wp-content\/uploads\/2023\/04\/header-bg-1000x147.jpg 1000w, https:\/\/ies64-sfe.infd.edu.ar\/sitio\/wp-content\/uploads\/2023\/04\/header-bg-768x113.jpg 768w\" sizes=\"(max-width: 1020px) 100vw, 1020px\" \/><div class=\"wp-block-cover__inner-container\">\n<h2 class=\"wp-block-heading\">ESTUDIANTES  <\/h2>\n<\/div><\/div>\n\n\n\n<figure class=\"wp-block-image size-full\"><img decoding=\"async\" loading=\"lazy\" width=\"1050\" height=\"600\" src=\"https:\/\/ies64-sfe.infd.edu.ar\/sitio\/wp-content\/uploads\/2026\/04\/solicitud-mesas-especiales-homologaciones.png\" alt=\"\" class=\"wp-image-3247\" srcset=\"https:\/\/ies64-sfe.infd.edu.ar\/sitio\/wp-content\/uploads\/2026\/04\/solicitud-mesas-especiales-homologaciones.png 1050w, https:\/\/ies64-sfe.infd.edu.ar\/sitio\/wp-content\/uploads\/2026\/04\/solicitud-mesas-especiales-homologaciones-1000x571.png 1000w, https:\/\/ies64-sfe.infd.edu.ar\/sitio\/wp-content\/uploads\/2026\/04\/solicitud-mesas-especiales-homologaciones-768x439.png 768w\" sizes=\"(max-width: 1050px) 100vw, 1050px\" \/><\/figure>\n\n\n\n<p class=\"has-text-align-center\"><strong>HORARIOS DE CURSADO 2026<\/strong> &#8211; SUJETO A MODIFICACIONES<\/p>\n\n\n\n<p>TECNICATURA SUPERIOR DE ADMINISTRACI\u00d3N P\u00daBLICA<\/p>\n\n\n\n<div class=\"wp-block-file\"><object class=\"wp-block-file__embed\" data=\"https:\/\/ies64-sfe.infd.edu.ar\/sitio\/wp-content\/uploads\/2026\/03\/TECNICATURA-ADMINISTRACION-PUBLICA-horario-2026.pdf\" type=\"application\/pdf\" style=\"width:100%;height:600px\" aria-label=\"Incrustado de TECNICATURA-ADMINISTRACION-PUBLICA-horario-2026.\"><\/object><a id=\"wp-block-file--media-24538364-30b6-4c45-af56-334b219dee97\" href=\"https:\/\/ies64-sfe.infd.edu.ar\/sitio\/wp-content\/uploads\/2026\/03\/TECNICATURA-ADMINISTRACION-PUBLICA-horario-2026.pdf\">TECNICATURA-ADMINISTRACION-PUBLICA-horario-2026<\/a><a href=\"https:\/\/ies64-sfe.infd.edu.ar\/sitio\/wp-content\/uploads\/2026\/03\/TECNICATURA-ADMINISTRACION-PUBLICA-horario-2026.pdf\" class=\"wp-block-file__button wp-element-button\" download aria-describedby=\"wp-block-file--media-24538364-30b6-4c45-af56-334b219dee97\">Descarga<\/a><\/div>\n\n\n\n<p>PROFESORADO DE EDUCACI\u00d3N INICIAL <\/p>\n\n\n\n<div class=\"wp-block-file\"><object class=\"wp-block-file__embed\" data=\"https:\/\/ies64-sfe.infd.edu.ar\/sitio\/wp-content\/uploads\/2026\/03\/PROF.-EDUCACION-INICIAL-horarios-2026.pdf\" type=\"application\/pdf\" style=\"width:100%;height:600px\" aria-label=\"Incrustado de PROF.-EDUCACION-INICIAL-horarios-2026.\"><\/object><a id=\"wp-block-file--media-7bb51604-3a58-4211-a258-e15e2891b044\" href=\"https:\/\/ies64-sfe.infd.edu.ar\/sitio\/wp-content\/uploads\/2026\/03\/PROF.-EDUCACION-INICIAL-horarios-2026.pdf\">PROF.-EDUCACION-INICIAL-horarios-2026<\/a><a href=\"https:\/\/ies64-sfe.infd.edu.ar\/sitio\/wp-content\/uploads\/2026\/03\/PROF.-EDUCACION-INICIAL-horarios-2026.pdf\" class=\"wp-block-file__button wp-element-button\" download aria-describedby=\"wp-block-file--media-7bb51604-3a58-4211-a258-e15e2891b044\">Descarga<\/a><\/div>\n\n\n\n<p>PROFESORADO DE EDUCACI\u00d3N PRIMARIA <\/p>\n\n\n\n<div class=\"wp-block-file\"><object class=\"wp-block-file__embed\" data=\"https:\/\/ies64-sfe.infd.edu.ar\/sitio\/wp-content\/uploads\/2026\/03\/PROF.-EN-EDUCACION-PRIMARIA-2026.pdf\" type=\"application\/pdf\" style=\"width:100%;height:600px\" aria-label=\"Incrustado de PROF.-EN-EDUCACION-PRIMARIA-2026.\"><\/object><a id=\"wp-block-file--media-810d3162-510c-49b3-aff9-b5ba940dcc7b\" href=\"https:\/\/ies64-sfe.infd.edu.ar\/sitio\/wp-content\/uploads\/2026\/03\/PROF.-EN-EDUCACION-PRIMARIA-2026.pdf\">PROF.-EN-EDUCACION-PRIMARIA-2026<\/a><a href=\"https:\/\/ies64-sfe.infd.edu.ar\/sitio\/wp-content\/uploads\/2026\/03\/PROF.-EN-EDUCACION-PRIMARIA-2026.pdf\" class=\"wp-block-file__button wp-element-button\" download aria-describedby=\"wp-block-file--media-810d3162-510c-49b3-aff9-b5ba940dcc7b\">Descarga<\/a><\/div>\n\n\n\n<figure class=\"wp-block-image size-full\"><img decoding=\"async\" loading=\"lazy\" width=\"575\" height=\"650\" src=\"https:\/\/ies64-sfe.infd.edu.ar\/sitio\/wp-content\/uploads\/2025\/12\/abuela-vero.jpg\" alt=\"\" class=\"wp-image-3165\"\/><\/figure>\n\n\n\n<figure class=\"wp-block-image size-large\"><img decoding=\"async\" loading=\"lazy\" width=\"1343\" height=\"1900\" src=\"https:\/\/ies64-sfe.infd.edu.ar\/sitio\/wp-content\/uploads\/2025\/08\/Inicio-2do-cuatrimestre-2-1343x1900.jpg\" alt=\"\" class=\"wp-image-3081\" srcset=\"https:\/\/ies64-sfe.infd.edu.ar\/sitio\/wp-content\/uploads\/2025\/08\/Inicio-2do-cuatrimestre-2-1343x1900.jpg 1343w, https:\/\/ies64-sfe.infd.edu.ar\/sitio\/wp-content\/uploads\/2025\/08\/Inicio-2do-cuatrimestre-2-707x1000.jpg 707w, https:\/\/ies64-sfe.infd.edu.ar\/sitio\/wp-content\/uploads\/2025\/08\/Inicio-2do-cuatrimestre-2-768x1086.jpg 768w, https:\/\/ies64-sfe.infd.edu.ar\/sitio\/wp-content\/uploads\/2025\/08\/Inicio-2do-cuatrimestre-2-1086x1536.jpg 1086w, https:\/\/ies64-sfe.infd.edu.ar\/sitio\/wp-content\/uploads\/2025\/08\/Inicio-2do-cuatrimestre-2.jpg 1414w\" sizes=\"(max-width: 1343px) 100vw, 1343px\" \/><\/figure>\n\n\n\n<figure class=\"wp-block-image size-large\"><img decoding=\"async\" loading=\"lazy\" width=\"1343\" height=\"1900\" src=\"https:\/\/ies64-sfe.infd.edu.ar\/sitio\/wp-content\/uploads\/2025\/08\/agenda-actividades-1-1343x1900.jpg\" alt=\"\" class=\"wp-image-3079\" srcset=\"https:\/\/ies64-sfe.infd.edu.ar\/sitio\/wp-content\/uploads\/2025\/08\/agenda-actividades-1-1343x1900.jpg 1343w, https:\/\/ies64-sfe.infd.edu.ar\/sitio\/wp-content\/uploads\/2025\/08\/agenda-actividades-1-707x1000.jpg 707w, https:\/\/ies64-sfe.infd.edu.ar\/sitio\/wp-content\/uploads\/2025\/08\/agenda-actividades-1-768x1086.jpg 768w, https:\/\/ies64-sfe.infd.edu.ar\/sitio\/wp-content\/uploads\/2025\/08\/agenda-actividades-1-1086x1536.jpg 1086w, https:\/\/ies64-sfe.infd.edu.ar\/sitio\/wp-content\/uploads\/2025\/08\/agenda-actividades-1.jpg 1414w\" sizes=\"(max-width: 1343px) 100vw, 1343px\" \/><\/figure>\n\n\n\n<h3 class=\"wp-block-heading has-base-3-color has-text-color has-background has-medium-font-size\" style=\"background:linear-gradient(135deg,rgb(51,60,124) 54%,rgb(6,147,227) 100%)\">Capacitaci\u00f3n Programa de Formaci\u00f3n Interdisciplinar <\/h3>\n\n\n\n<p><br>Tenemos el agrado de invitarles a participar del Programa de Formaci\u00f3n Interdisciplinar 2025, una propuesta educativa gratuita organizada por la ONG Animal Libre en convenio con el IES N.\u00ba 64 \u201cAna Mar\u00eda Fonseca\u201d. Coordina Prof. Schnider, M. Paula.&nbsp;<\/p>\n\n\n\n<p>Este programa tiene como eje la alimentaci\u00f3n basada en plantas, la \u00e9tica, el ambiente, la nutrici\u00f3n y la salud mental. Se dicta en modalidad virtual y asincr\u00f3nica, con certificaci\u00f3n final.&nbsp; &nbsp; &nbsp; &nbsp; &nbsp; &nbsp; &nbsp; &nbsp; &nbsp; &nbsp; &nbsp; &nbsp; &nbsp; &nbsp; &nbsp; &nbsp; &nbsp; &nbsp; &nbsp; &nbsp; &nbsp; &nbsp; &nbsp; &nbsp; &nbsp; &nbsp; &nbsp; &nbsp; &nbsp; &nbsp; &nbsp; &nbsp; &nbsp; &nbsp;<\/p>\n\n\n\n<p><strong>Inscripciones abiertas a partir del 22 de julio hasta el 01 de agosto en:&nbsp;<\/strong><a rel=\"noreferrer noopener\" href=\"https:\/\/docs.google.com\/forms\/d\/1Zc8oT5vJqzEYkuqCqCSWj1T7_kEoHhjk6AMch6uVo0g\/edit\" target=\"_blank\">https:\/\/docs.google.com\/forms\/d\/1Zc8oT5vJqzEYkuqCqCSWj1T7_kEoHhjk6AMch6uVo0g\/edit<\/a>&nbsp;&nbsp;<\/p>\n\n\n\n<p>Tambi\u00e9n pod\u00e9s acceder al d\u00edptico y flyer informativo adjuntos.<\/p>\n\n\n\n<figure class=\"wp-block-image size-full\"><img decoding=\"async\" loading=\"lazy\" width=\"1350\" height=\"1580\" src=\"https:\/\/ies64-sfe.infd.edu.ar\/sitio\/wp-content\/uploads\/2025\/07\/Programa-de-Formacion-Inscripcion_2025-1.jpeg\" alt=\"\" class=\"wp-image-3065\" srcset=\"https:\/\/ies64-sfe.infd.edu.ar\/sitio\/wp-content\/uploads\/2025\/07\/Programa-de-Formacion-Inscripcion_2025-1.jpeg 1350w, https:\/\/ies64-sfe.infd.edu.ar\/sitio\/wp-content\/uploads\/2025\/07\/Programa-de-Formacion-Inscripcion_2025-1-854x1000.jpeg 854w, https:\/\/ies64-sfe.infd.edu.ar\/sitio\/wp-content\/uploads\/2025\/07\/Programa-de-Formacion-Inscripcion_2025-1-768x899.jpeg 768w, https:\/\/ies64-sfe.infd.edu.ar\/sitio\/wp-content\/uploads\/2025\/07\/Programa-de-Formacion-Inscripcion_2025-1-1312x1536.jpeg 1312w\" sizes=\"(max-width: 1350px) 100vw, 1350px\" \/><\/figure>\n\n\n\n<div class=\"wp-block-file\"><object class=\"wp-block-file__embed\" data=\"https:\/\/ies64-sfe.infd.edu.ar\/sitio\/wp-content\/uploads\/2025\/07\/Programa-Formativo-2025-_Curso_compressed.pdf\" type=\"application\/pdf\" style=\"width:100%;height:600px\" aria-label=\"Incrustado de Programa-Formativo-2025-_Curso_compressed.\"><\/object><a id=\"wp-block-file--media-81bb6e7a-b5ae-413b-a221-22352a716469\" href=\"https:\/\/ies64-sfe.infd.edu.ar\/sitio\/wp-content\/uploads\/2025\/07\/Programa-Formativo-2025-_Curso_compressed.pdf\">Programa-Formativo-2025-_Curso_compressed<\/a><a href=\"https:\/\/ies64-sfe.infd.edu.ar\/sitio\/wp-content\/uploads\/2025\/07\/Programa-Formativo-2025-_Curso_compressed.pdf\" class=\"wp-block-file__button wp-element-button\" download aria-describedby=\"wp-block-file--media-81bb6e7a-b5ae-413b-a221-22352a716469\"><\/a><\/div>\n\n\n\n<h3 class=\"wp-block-heading has-base-3-color has-text-color has-background has-medium-font-size\" style=\"background:linear-gradient(135deg,rgb(51,60,124) 54%,rgb(6,147,227) 100%)\">EX\u00c1MENES JULIO-AGOSTO 2025<\/h3>\n\n\n\n<p><br><\/p>\n\n\n\n<figure class=\"wp-block-image size-large\"><img decoding=\"async\" loading=\"lazy\" width=\"1069\" height=\"1900\" src=\"https:\/\/ies64-sfe.infd.edu.ar\/sitio\/wp-content\/uploads\/2025\/07\/Aviso-Inicio-de-Examenes-1-1069x1900.jpg\" alt=\"\" class=\"wp-image-3070\" srcset=\"https:\/\/ies64-sfe.infd.edu.ar\/sitio\/wp-content\/uploads\/2025\/07\/Aviso-Inicio-de-Examenes-1-1069x1900.jpg 1069w, https:\/\/ies64-sfe.infd.edu.ar\/sitio\/wp-content\/uploads\/2025\/07\/Aviso-Inicio-de-Examenes-1-563x1000.jpg 563w, https:\/\/ies64-sfe.infd.edu.ar\/sitio\/wp-content\/uploads\/2025\/07\/Aviso-Inicio-de-Examenes-1-768x1365.jpg 768w, https:\/\/ies64-sfe.infd.edu.ar\/sitio\/wp-content\/uploads\/2025\/07\/Aviso-Inicio-de-Examenes-1-864x1536.jpg 864w, https:\/\/ies64-sfe.infd.edu.ar\/sitio\/wp-content\/uploads\/2025\/07\/Aviso-Inicio-de-Examenes-1.jpg 1080w\" sizes=\"(max-width: 1069px) 100vw, 1069px\" \/><\/figure>\n\n\n\n<hr class=\"wp-block-separator has-alpha-channel-opacity\"\/>\n\n\n\n<h3 class=\"wp-block-heading has-base-3-color has-text-color has-background has-medium-font-size\" style=\"background:linear-gradient(135deg,rgb(51,60,124) 54%,rgb(6,147,227) 100%)\">FECHAS DE EX\u00c1MENES JULIO-AGOSTO 2025<\/h3>\n\n\n\n<p>Se adjuntan fechas de ex\u00e1menes de todas las carreras , est\u00e1n sujetas a cambios .  Se sugiere consultar las fechas en forma constante, por si hay cambios. <\/p>\n\n\n\n<p class=\"has-base-2-color has-contrast-2-background-color has-text-color has-background has-medium-font-size\">IMPORTANTE:  PARA RENDIR PRESENTAR EL D\u00cdA DEL EXAMEN :  LIBRETA , DNI Y PROGRAMA O PLANIFICACI\u00d3N DE LA MATERIA\/TALLER QUE RINDE.  <\/p>\n\n\n\n<p>EX\u00c1MENES DE LA TECNICATURA SUPERIOR EN ADMINISTRACI\u00d3N P\u00daBLICA <\/p>\n\n\n\n<div class=\"wp-block-file\"><object class=\"wp-block-file__embed\" data=\"https:\/\/ies64-sfe.infd.edu.ar\/sitio\/wp-content\/uploads\/2025\/07\/Examanes-tecnicatura-julio-agosto-2025.pdf\" type=\"application\/pdf\" style=\"width:100%;height:600px\" aria-label=\"Incrustado de Examanes-tecnicatura-julio-agosto-2025.\"><\/object><a id=\"wp-block-file--media-e61c861c-d5b4-41c1-9560-6b21ef2de707\" href=\"https:\/\/ies64-sfe.infd.edu.ar\/sitio\/wp-content\/uploads\/2025\/07\/Examanes-tecnicatura-julio-agosto-2025.pdf\">Examanes-tecnicatura-julio-agosto-2025<\/a><a href=\"https:\/\/ies64-sfe.infd.edu.ar\/sitio\/wp-content\/uploads\/2025\/07\/Examanes-tecnicatura-julio-agosto-2025.pdf\" class=\"wp-block-file__button wp-element-button\" download aria-describedby=\"wp-block-file--media-e61c861c-d5b4-41c1-9560-6b21ef2de707\">Descarga<\/a><\/div>\n\n\n\n<p><\/p>\n\n\n\n<p>EX\u00c1MENES DEL PROFESORADO DE EDUCACI\u00d3N INICIAL <\/p>\n\n\n\n<div class=\"wp-block-file\"><object class=\"wp-block-file__embed\" data=\"https:\/\/ies64-sfe.infd.edu.ar\/sitio\/wp-content\/uploads\/2025\/07\/Examenes-Inicial-julio-agosto-2025-1-2.pdf\" type=\"application\/pdf\" style=\"width:100%;height:600px\" aria-label=\"Incrustado de Examenes-Inicial-julio-agosto-2025-1-2.\"><\/object><a id=\"wp-block-file--media-85e1fda8-93a9-4429-a77e-ac4684c68166\" href=\"https:\/\/ies64-sfe.infd.edu.ar\/sitio\/wp-content\/uploads\/2025\/07\/Examenes-Inicial-julio-agosto-2025-1-2.pdf\">Examenes-Inicial-julio-agosto-2025-1-2<\/a><a href=\"https:\/\/ies64-sfe.infd.edu.ar\/sitio\/wp-content\/uploads\/2025\/07\/Examenes-Inicial-julio-agosto-2025-1-2.pdf\" class=\"wp-block-file__button wp-element-button\" download aria-describedby=\"wp-block-file--media-85e1fda8-93a9-4429-a77e-ac4684c68166\">Descarga<\/a><\/div>\n\n\n\n<p> <\/p>\n\n\n\n<p>EX\u00c1MENES DEL PROFESORADO DE EDUCACI\u00d3N PRIMARIA<\/p>\n\n\n\n<div class=\"wp-block-file\"><object class=\"wp-block-file__embed\" data=\"https:\/\/ies64-sfe.infd.edu.ar\/sitio\/wp-content\/uploads\/2025\/07\/Examenes-Primaria-julio-agosto-2025-1.pdf\" type=\"application\/pdf\" style=\"width:100%;height:600px\" aria-label=\"Incrustado de Examenes-Primaria-julio-agosto-2025-1.\"><\/object><a id=\"wp-block-file--media-5dbc1826-6ce8-4fee-b0cb-13dd2614536b\" href=\"https:\/\/ies64-sfe.infd.edu.ar\/sitio\/wp-content\/uploads\/2025\/07\/Examenes-Primaria-julio-agosto-2025-1.pdf\">Examenes-Primaria-julio-agosto-2025-1<\/a><a href=\"https:\/\/ies64-sfe.infd.edu.ar\/sitio\/wp-content\/uploads\/2025\/07\/Examenes-Primaria-julio-agosto-2025-1.pdf\" class=\"wp-block-file__button wp-element-button\" download aria-describedby=\"wp-block-file--media-5dbc1826-6ce8-4fee-b0cb-13dd2614536b\">Descarga<\/a><\/div>\n\n\n\n<h3 class=\"wp-block-heading has-base-3-color has-text-color has-background has-medium-font-size\" style=\"background:linear-gradient(135deg,rgb(51,60,124) 54%,rgb(6,147,227) 100%)\"><strong>PLANILLAS DE INSCRIPCI\u00d3N A EX\u00c1MENES<\/strong><\/h3>\n\n\n\n<p>&#x2666; <a href=\"https:\/\/drive.google.com\/file\/d\/1dlTcaVM4I4_KKitfonD9vguyI-ERWku8\/view?usp=sharing\"><strong>Inscripci\u00f3n a ex\u00e1menes &#8211; NIVEL INICIAL<\/strong><\/a><br>&#x2666; <a rel=\"noreferrer noopener\" href=\"https:\/\/drive.google.com\/file\/d\/1PtVmOY0m8BIICAXjGl_LtCJrPEqf60Pi\/view?usp=sharing\" target=\"_blank\"><strong>Inscripci\u00f3n a ex\u00e1menes &#8211; NIVEL PRIMARIO<\/strong><\/a><br>&#x2666; <strong><a href=\"https:\/\/drive.google.com\/file\/d\/1lZUfwlTbS2cdmyPG1i22RTz1gdhgPWLJ\/view?usp=sharing\">Inscripci\u00f3n a ex\u00e1menes &#8211; TECNICATURA<\/a><\/strong><\/p>\n\n\n\n<p>Inscripci\u00f3n a mesas de ex\u00e1menes :  30\/6 al 3\/7  <\/p>\n\n\n\n<div class=\"wp-block-file\"><a id=\"wp-block-file--media-66be48a4-1aef-4712-85fa-7f6f8dd1578b\" href=\"https:\/\/ies64-sfe.infd.edu.ar\/sitio\/wp-content\/uploads\/2023\/03\/Matriculacion-Tecnicatura.xlsx\">Matriculacion-Tecnicatura<\/a><a href=\"https:\/\/ies64-sfe.infd.edu.ar\/sitio\/wp-content\/uploads\/2023\/03\/Matriculacion-Tecnicatura.xlsx\" class=\"wp-block-file__button wp-element-button\" download aria-describedby=\"wp-block-file--media-66be48a4-1aef-4712-85fa-7f6f8dd1578b\">Descarga<\/a><\/div>\n\n\n\n<div class=\"wp-block-file\"><a id=\"wp-block-file--media-ba4c2900-0c41-49e4-b569-2ae43375fbc9\" href=\"https:\/\/ies64-sfe.infd.edu.ar\/sitio\/wp-content\/uploads\/2023\/03\/Matriculacion-Inicial.xlsx\">Matriculacion-Inicial<\/a><a href=\"https:\/\/ies64-sfe.infd.edu.ar\/sitio\/wp-content\/uploads\/2023\/03\/Matriculacion-Inicial.xlsx\" class=\"wp-block-file__button wp-element-button\" download aria-describedby=\"wp-block-file--media-ba4c2900-0c41-49e4-b569-2ae43375fbc9\">Descarga<\/a><\/div>\n\n\n\n<p><\/p>\n","protected":false},"excerpt":{"rendered":"<p>HORARIOS DE CURSADO 2026 &#8211; SUJETO A MODIFICACIONES TECNICATURA SUPERIOR DE ADMINISTRACI\u00d3N P\u00daBLICA PROFESORADO DE EDUCACI\u00d3N INICIAL PROFESORADO DE EDUCACI\u00d3N PRIMARIA Capacitaci\u00f3n Programa de Formaci\u00f3n Interdisciplinar Tenemos el agrado de invitarles a participar del Programa de Formaci\u00f3n Interdisciplinar 2025, una propuesta educativa gratuita organizada por la ONG Animal Libre en convenio con el IES N.\u00ba &#8230; <a title=\"Estudiantes\" class=\"read-more\" href=\"https:\/\/ies64-sfe.infd.edu.ar\/sitio\/estudiantes\/\" aria-label=\"More on Estudiantes\">[+]<\/a><\/p>\n","protected":false},"author":280,"featured_media":0,"parent":0,"menu_order":0,"comment_status":"closed","ping_status":"closed","template":"","meta":[],"acf":[],"_links":{"self":[{"href":"https:\/\/ies64-sfe.infd.edu.ar\/sitio\/wp-json\/wp\/v2\/pages\/838"}],"collection":[{"href":"https:\/\/ies64-sfe.infd.edu.ar\/sitio\/wp-json\/wp\/v2\/pages"}],"about":[{"href":"https:\/\/ies64-sfe.infd.edu.ar\/sitio\/wp-json\/wp\/v2\/types\/page"}],"author":[{"embeddable":true,"href":"https:\/\/ies64-sfe.infd.edu.ar\/sitio\/wp-json\/wp\/v2\/users\/280"}],"replies":[{"embeddable":true,"href":"https:\/\/ies64-sfe.infd.edu.ar\/sitio\/wp-json\/wp\/v2\/comments?post=838"}],"version-history":[{"count":224,"href":"https:\/\/ies64-sfe.infd.edu.ar\/sitio\/wp-json\/wp\/v2\/pages\/838\/revisions"}],"predecessor-version":[{"id":3250,"href":"https:\/\/ies64-sfe.infd.edu.ar\/sitio\/wp-json\/wp\/v2\/pages\/838\/revisions\/3250"}],"wp:attachment":[{"href":"https:\/\/ies64-sfe.infd.edu.ar\/sitio\/wp-json\/wp\/v2\/media?parent=838"}],"curies":[{"name":"wp","href":"https:\/\/api.w.org\/{rel}","templated":true}]}}