{"id":848,"date":"2018-06-29T21:21:41","date_gmt":"2018-06-30T00:21:41","guid":{"rendered":"https:\/\/isp8st-sfe.infd.edu.ar\/sitio\/autoridades\/"},"modified":"2026-03-06T08:18:58","modified_gmt":"2026-03-06T11:18:58","slug":"autoridades","status":"publish","type":"page","link":"https:\/\/ies64-sfe.infd.edu.ar\/sitio\/autoridades\/","title":{"rendered":"Autoridades"},"content":{"rendered":"\n<div class=\"wp-block-cover has-x-large-font-size\" style=\"min-height:100px\"><span aria-hidden=\"true\" class=\"wp-block-cover__background has-background-dim-0 has-background-dim\"><\/span><img decoding=\"async\" loading=\"lazy\" width=\"1020\" height=\"150\" class=\"wp-block-cover__image-background wp-image-2076\" alt=\"\" src=\"https:\/\/ies64-sfe.infd.edu.ar\/sitio\/wp-content\/uploads\/2023\/04\/header-bg.jpg\" data-object-fit=\"cover\" srcset=\"https:\/\/ies64-sfe.infd.edu.ar\/sitio\/wp-content\/uploads\/2023\/04\/header-bg.jpg 1020w, https:\/\/ies64-sfe.infd.edu.ar\/sitio\/wp-content\/uploads\/2023\/04\/header-bg-1000x147.jpg 1000w, https:\/\/ies64-sfe.infd.edu.ar\/sitio\/wp-content\/uploads\/2023\/04\/header-bg-768x113.jpg 768w\" sizes=\"(max-width: 1020px) 100vw, 1020px\" \/><div class=\"wp-block-cover__inner-container\">\n<h2 class=\"wp-block-heading\">AUTORIDADES<\/h2>\n<\/div><\/div>\n\n\n<p><strong>Directora<\/strong>: Profesora Roxana Verna\u00a0<\/p>\n<p><strong>Jefa de Secci\u00f3n Primaria<\/strong>: Profesora Claudia C\u00e1mara<\/p>\n<p><strong>Jefa de Secci\u00f3n Inicial<\/strong>:\u00a0 Profesora Silvia Leguizam\u00f3n<\/p>\n<p><strong>Jefa de Secci\u00f3n Capacitaci\u00f3n y Tecnicatura<\/strong>: Profesora Tamara Ottazo\u00a0<\/p>\n<p><strong>Jefe de Pr\u00e1ctica<\/strong>: Profesor Marcelo Andelique<\/p>\n<p><strong>Secretarios:<\/strong>\u00a0 Pamela Molina, Pablo Mertes\u00a0\u00a0<\/p>\n<p><span style=\"color: #3366ff; font-family: arial, helvetica, sans-serif; font-size: medium;\"><strong>\u00a0Correos institucionales\u00a0<\/strong><\/span><\/p>\n<div><span style=\"font-family: monospace;\">*\u00a0<span class=\"il\">Jefatura<\/span> de Nivel Inicial :\u00a0 \u00a0 Prof. Silvia Leguizam\u00f3n\u00a0<\/span><\/div>\n<h6><span role=\"gridcell\"><span style=\"font-family: monospace;\"><a href=\"mailto:jefaturainicialies64@gmail.com\" target=\"_blank\" rel=\"noopener\">jefaturainicialies64@gmail.com<\/a><\/span><\/span><\/h6>\n<div><span role=\"gridcell\"><span style=\"font-family: monospace;\">*\u00a0<span class=\"il\">Jefatura<\/span> de Nivel Primario:\u00a0 Prof.\u00a0 Sara Carrizo\u00a0\u00a0<\/span><\/span><\/div>\n<div><span role=\"gridcell\"><span style=\"font-family: monospace;\"><a href=\"mailto:jefaturaprimarioies64@gmail.com\" target=\"_blank\" rel=\"noopener\">jefaturaprimarioies64@gmail.<wbr \/>com<\/a><\/span><\/span><\/div>\n<div>\u00a0<\/div>\n<div>\u00a0<\/div>\n<div><span style=\"color: #444746; font-family: monospace;\">Para cuestiones administrativas :\u00a0<\/span><\/div>\n<div>\u00a0<\/div>\n<div><span style=\"font-family: monospace;\">Nivel Inicial y Tecnicatura\u00a0<\/span><\/div>\n<div><span style=\"font-family: monospace;\">Pamela:\u00a0 \u00a0\u00a0<a href=\"mailto:secretariainicialtecnicatura@gmail.com\" target=\"_blank\" rel=\"noopener\">secretariainicialtecnicatura<wbr \/>@gmail.com<\/a><\/span><\/div>\n<div><span style=\"font-family: monospace;\">\u00a0<\/span><\/div>\n<div><span style=\"font-family: monospace;\">Nivel primario\u00a0<\/span><\/div>\n<div><span style=\"font-family: monospace;\">pablo:\u00a0<a href=\"mailto:secretariaprimaria64@gmail.com\" target=\"_blank\" rel=\"noopener\">secretariaprimaria64@<wbr \/>gmail.com<\/a><\/span><\/div>","protected":false},"excerpt":{"rendered":"<p>Directora: Profesora Roxana Verna\u00a0 Jefa de Secci\u00f3n Primaria: Profesora Claudia C\u00e1mara Jefa de Secci\u00f3n Inicial:\u00a0 Profesora Silvia Leguizam\u00f3n Jefa de Secci\u00f3n Capacitaci\u00f3n y Tecnicatura: Profesora Tamara Ottazo\u00a0 Jefe de Pr\u00e1ctica: Profesor Marcelo Andelique Secretarios:\u00a0 Pamela Molina, Pablo Mertes\u00a0\u00a0 \u00a0Correos institucionales\u00a0 *\u00a0Jefatura de Nivel Inicial :\u00a0 \u00a0 Prof. Silvia Leguizam\u00f3n\u00a0 jefaturainicialies64@gmail.com *\u00a0Jefatura de Nivel Primario:\u00a0 Prof.\u00a0 &#8230; <a title=\"Autoridades\" class=\"read-more\" href=\"https:\/\/ies64-sfe.infd.edu.ar\/sitio\/autoridades\/\" aria-label=\"More on Autoridades\">[+]<\/a><\/p>\n","protected":false},"author":280,"featured_media":0,"parent":0,"menu_order":0,"comment_status":"closed","ping_status":"closed","template":"","meta":[],"acf":[],"_links":{"self":[{"href":"https:\/\/ies64-sfe.infd.edu.ar\/sitio\/wp-json\/wp\/v2\/pages\/848"}],"collection":[{"href":"https:\/\/ies64-sfe.infd.edu.ar\/sitio\/wp-json\/wp\/v2\/pages"}],"about":[{"href":"https:\/\/ies64-sfe.infd.edu.ar\/sitio\/wp-json\/wp\/v2\/types\/page"}],"author":[{"embeddable":true,"href":"https:\/\/ies64-sfe.infd.edu.ar\/sitio\/wp-json\/wp\/v2\/users\/280"}],"replies":[{"embeddable":true,"href":"https:\/\/ies64-sfe.infd.edu.ar\/sitio\/wp-json\/wp\/v2\/comments?post=848"}],"version-history":[{"count":16,"href":"https:\/\/ies64-sfe.infd.edu.ar\/sitio\/wp-json\/wp\/v2\/pages\/848\/revisions"}],"predecessor-version":[{"id":3199,"href":"https:\/\/ies64-sfe.infd.edu.ar\/sitio\/wp-json\/wp\/v2\/pages\/848\/revisions\/3199"}],"wp:attachment":[{"href":"https:\/\/ies64-sfe.infd.edu.ar\/sitio\/wp-json\/wp\/v2\/media?parent=848"}],"curies":[{"name":"wp","href":"https:\/\/api.w.org\/{rel}","templated":true}]}}