{"id":850,"date":"2018-06-29T21:21:41","date_gmt":"2018-06-30T00:21:41","guid":{"rendered":"https:\/\/isp8st-sfe.infd.edu.ar\/sitio\/historia\/"},"modified":"2023-04-22T10:49:54","modified_gmt":"2023-04-22T13:49:54","slug":"historia","status":"publish","type":"page","link":"https:\/\/ies64-sfe.infd.edu.ar\/sitio\/historia\/","title":{"rendered":"Historia"},"content":{"rendered":"\n<div class=\"wp-block-cover has-x-large-font-size\" style=\"min-height:100px\"><span aria-hidden=\"true\" class=\"wp-block-cover__background has-background-dim-0 has-background-dim\"><\/span><img decoding=\"async\" loading=\"lazy\" width=\"1020\" height=\"150\" class=\"wp-block-cover__image-background wp-image-2076\" alt=\"\" src=\"https:\/\/ies64-sfe.infd.edu.ar\/sitio\/wp-content\/uploads\/2023\/04\/header-bg.jpg\" data-object-fit=\"cover\" srcset=\"https:\/\/ies64-sfe.infd.edu.ar\/sitio\/wp-content\/uploads\/2023\/04\/header-bg.jpg 1020w, https:\/\/ies64-sfe.infd.edu.ar\/sitio\/wp-content\/uploads\/2023\/04\/header-bg-1000x147.jpg 1000w, https:\/\/ies64-sfe.infd.edu.ar\/sitio\/wp-content\/uploads\/2023\/04\/header-bg-768x113.jpg 768w\" sizes=\"(max-width: 1020px) 100vw, 1020px\" \/><div class=\"wp-block-cover__inner-container\">\n<h2 class=\"wp-block-heading\">HISTORIA<\/h2>\n<\/div><\/div>\n\n\n<p align=\"justify\"><span style=\"font-size: medium;\"><span style=\"font-family: arial,helvetica,sans-serif;\">El Instituto de Educaci\u00f3n Superior N\u00b0 64 \u00abAna Mar\u00eda Fonseca\u00bb , anteriormente Instituto Superior del Profesorado N \u00ba 8 \u00abAlmirante Guillermo Brown\u00bb , anexo Santo Tome fue creado por Disposici\u00f3n Ministerial N \u00ba 31, de fecha 20 de febrero de 1990.<\/span><\/span><\/p>\n<p align=\"justify\"><span style=\"font-size: medium;\"><span style=\"font-family: arial,helvetica,sans-serif;\">Esta instituci\u00f3n tiene su origen en la inquietud de un grupo de docentes de la localidad , quienes advirtieron la necesidad de contar con un servicio educativo de nivel terciario, inexistente hasta el momento.<\/span><\/span><\/p>\n<p align=\"justify\"><span style=\"font-size: medium;\"><span style=\"font-family: arial,helvetica,sans-serif;\">Estos docentes efectuaron gestiones tendientes a interesar a todas aquellas personas que de alg\u00fan modo podr\u00edan apoyar la iniciativa. As\u00ed fue como lograron reunir a representantes de entidades de Bien P\u00fablico e Instituciones Gubernamentales e Intermedias, y a autoridades de diversos \u00f3rdenes, docentes y vecinos en la Biblioteca Municipal \u00abBernardino\u00a0 Rivadavia\u00bb, donde la idea de la creaci\u00f3n de un Instituto de Nivel Superior se consolid\u00f3 y se abri\u00f3 a la comunidad santotomesina, quien ofreci\u00f3 un apoyo que nac\u00eda de la convicci\u00f3n\u00a0 <\/span><\/span><span style=\"font-family: arial,helvetica,sans-serif; font-size: medium;\">de que tal Instituto cubrir\u00eda las demandas de la poblaci\u00f3n.<\/span><\/p>\n<p align=\"justify\"><span style=\"font-size: medium;\"><span style=\"font-family: arial,helvetica,sans-serif;\">Cabe aclarar que el grupo de docentes que inici\u00f3 y gestion\u00f3\u00a0<\/span><\/span> <span style=\"font-size: medium;\"><span style=\"font-family: arial,helvetica,sans-serif;\">la creaci\u00f3n del anexo, pertenec\u00eda a la\u00a0 Escuela de\u00a0 Ense\u00f1anza\u00a0 Media\u00a0 N\u00ba\u00a0 340; entre dichos profesores se hallaba su Directora Prof. Libertad Lostumbo, quien sensible a las necesidades comunitarias compart\u00eda la inquietud de este emprendimiento.\u00a0 \u00a0 <\/span><\/span><\/p>\n<div class=\"oKdM2c\">\n<div id=\"h.33ea53abfd367cbf_94\" class=\"hJDwNd-AhqUyc-qWD73c jXK9ad D2fZ2 GNzUNc\">\n<div class=\"jXK9ad-SmKAyb\">\n<div class=\"tyJCtd mGzaTb baZpAe\">\n<p class=\"CDt4Ke zfr3Q\" dir=\"ltr\">Nuestra instituci\u00f3n educativa, fue\u00a0nombrada como\u00a0<em>\u201cAna Mar\u00eda Fonseca\u201d<\/em>, en reconocimiento a la lucha de una estudiante asesinada durante la \u00faltima dictadura c\u00edvico-militar, se ha caracterizado desde sus inicios por su compromiso con los Derechos Humanos y con la Memoria.<\/p>\n<\/div>\n<\/div>\n<\/div>\n<\/div>\n<div class=\"oKdM2c\">\n<div id=\"h.33ea53abfd367cbf_96\" class=\"hJDwNd-AhqUyc-qWD73c jXK9ad D2fZ2 wHaque GNzUNc\">\n<div class=\"jXK9ad-SmKAyb\">\n<div class=\"tyJCtd mGzaTb baZpAe\">\n<p class=\"CDt4Ke zfr3Q\" dir=\"ltr\">Ana Mar\u00eda Fonseca naci\u00f3 el 10 de noviembre de 1959 en la ciudad de Santa Fe. Hija de Sara y Lito Fonseca y hermana de Miguel \u00c1ngel. Fue asesinada por un grupo de tareas el 13 de septiembre de 1976, en el marco de la represi\u00f3n desplegada en Argentina bajo la \u00faltima dictadura militar. Era una joven que cursaba el 4to. a\u00f1o de estudios secundarios. Se destacaba como estudiante y era una gran jugadora de ajedrez. Estaba por recibirse de maestra de ingl\u00e9s y pensaba estudiar un profesorado en la universidad. Era buena, dulce, le dol\u00eda la pobreza. En 1975, particip\u00f3 de la movilizaci\u00f3n de los estudiantes que reclamaban el boleto estudiantil.<\/p>\n<\/div>\n<\/div>\n<\/div>\n<\/div>\n\n\n<figure class=\"wp-block-video\"><video src=\"https:\/\/ies64-sfe.infd.edu.ar\/sitio\/wp-content\/uploads\/2021\/11\/acto-64-parte-1-b_EiMjCSsP.mp4\"><\/video><figcaption class=\"wp-element-caption\"><a href=\"https:\/\/drive.google.com\/file\/d\/1NO2j0chn-6w7zAkuVfz75SVIrchb4g-U\/view?ts=64243c9b\">Para ver el video completo Clic aqu\u00ed <\/a><\/figcaption><\/figure>\n\n\n\n<p><\/p>\n","protected":false},"excerpt":{"rendered":"<p>El Instituto de Educaci\u00f3n Superior N\u00b0 64 \u00abAna Mar\u00eda Fonseca\u00bb , anteriormente Instituto Superior del Profesorado N \u00ba 8 \u00abAlmirante Guillermo Brown\u00bb , anexo Santo Tome fue creado por Disposici\u00f3n Ministerial N \u00ba 31, de fecha 20 de febrero de 1990. Esta instituci\u00f3n tiene su origen en la inquietud de un grupo de docentes de &#8230; <a title=\"Historia\" class=\"read-more\" href=\"https:\/\/ies64-sfe.infd.edu.ar\/sitio\/historia\/\" aria-label=\"More on Historia\">[+]<\/a><\/p>\n","protected":false},"author":280,"featured_media":0,"parent":0,"menu_order":0,"comment_status":"closed","ping_status":"closed","template":"","meta":[],"acf":[],"_links":{"self":[{"href":"https:\/\/ies64-sfe.infd.edu.ar\/sitio\/wp-json\/wp\/v2\/pages\/850"}],"collection":[{"href":"https:\/\/ies64-sfe.infd.edu.ar\/sitio\/wp-json\/wp\/v2\/pages"}],"about":[{"href":"https:\/\/ies64-sfe.infd.edu.ar\/sitio\/wp-json\/wp\/v2\/types\/page"}],"author":[{"embeddable":true,"href":"https:\/\/ies64-sfe.infd.edu.ar\/sitio\/wp-json\/wp\/v2\/users\/280"}],"replies":[{"embeddable":true,"href":"https:\/\/ies64-sfe.infd.edu.ar\/sitio\/wp-json\/wp\/v2\/comments?post=850"}],"version-history":[{"count":7,"href":"https:\/\/ies64-sfe.infd.edu.ar\/sitio\/wp-json\/wp\/v2\/pages\/850\/revisions"}],"predecessor-version":[{"id":2303,"href":"https:\/\/ies64-sfe.infd.edu.ar\/sitio\/wp-json\/wp\/v2\/pages\/850\/revisions\/2303"}],"wp:attachment":[{"href":"https:\/\/ies64-sfe.infd.edu.ar\/sitio\/wp-json\/wp\/v2\/media?parent=850"}],"curies":[{"name":"wp","href":"https:\/\/api.w.org\/{rel}","templated":true}]}}