{"id":852,"date":"2018-06-29T21:21:42","date_gmt":"2018-06-30T00:21:42","guid":{"rendered":"https:\/\/isp8st-sfe.infd.edu.ar\/sitio\/ubicacion\/"},"modified":"2023-08-10T19:33:29","modified_gmt":"2023-08-10T22:33:29","slug":"contacto","status":"publish","type":"page","link":"https:\/\/ies64-sfe.infd.edu.ar\/sitio\/contacto\/","title":{"rendered":"Contacto"},"content":{"rendered":"\n<div class=\"wp-block-cover has-x-large-font-size\" style=\"min-height:80px\"><span aria-hidden=\"true\" class=\"wp-block-cover__background has-background-dim-0 has-background-dim\"><\/span><img decoding=\"async\" loading=\"lazy\" width=\"1020\" height=\"150\" class=\"wp-block-cover__image-background wp-image-2076\" alt=\"\" src=\"https:\/\/ies64-sfe.infd.edu.ar\/sitio\/wp-content\/uploads\/2023\/04\/header-bg.jpg\" data-object-fit=\"cover\" srcset=\"https:\/\/ies64-sfe.infd.edu.ar\/sitio\/wp-content\/uploads\/2023\/04\/header-bg.jpg 1020w, https:\/\/ies64-sfe.infd.edu.ar\/sitio\/wp-content\/uploads\/2023\/04\/header-bg-1000x147.jpg 1000w, https:\/\/ies64-sfe.infd.edu.ar\/sitio\/wp-content\/uploads\/2023\/04\/header-bg-768x113.jpg 768w\" sizes=\"(max-width: 1020px) 100vw, 1020px\" \/><div class=\"wp-block-cover__inner-container\">\n<h2 class=\"has-x-large-font-size wp-block-heading\">CONTACTO<\/h2>\n<\/div><\/div>\n\n\n\n<div class=\"wp-block-columns is-layout-flex wp-container-3\">\n<div class=\"wp-block-column is-layout-flow\">\n<h6 class=\"has-text-align-center has-base-3-color has-accent-background-color has-text-color has-background\" style=\"padding: 5px; margin-bottom: 10px; background-color: #333c7c;\">HORARIOS DE ATENCI\u00d3N<\/h6>\n<p style=\"text-align: center;\"><span style=\"font-family: arial,helvetica,sans-serif; font-size: medium;\">18.30 a 20.30 horas<\/span><\/p>\n<h6 class=\"has-text-align-center has-base-3-color has-accent-background-color has-text-color has-background\" style=\"padding: 5px; margin-bottom: 10px; background-color: #333c7c;\">DIRECCI\u00d3N<\/h6>\n<p style=\"text-align: center;\"><span style=\"font-family: arial,helvetica,sans-serif;\"><span style=\"font-size: medium;\">\u00a0Hilario Sabroso 1780,\u00a0 Santo Tom\u00e9, Santa Fe<\/span><\/span><\/p>\n<h6 class=\"has-text-align-center has-base-3-color has-accent-background-color has-text-color has-background\" style=\"padding: 5px; margin-bottom: 10px; background-color: #333c7c;\">TEL\u00c9FONO<\/h6>\n<p style=\"text-align: center;\"><span style=\"color: #333333;\"><a style=\"color: #333333;\" href=\"tel:3424830052\"><span style=\"font-family: arial,helvetica,sans-serif; font-size: medium;\">0342- 4830052<\/span><\/a><\/span><\/p>\n<h6 class=\"has-text-align-center has-base-3-color has-accent-background-color has-text-color has-background\" style=\"padding: 5px; margin-bottom: 10px; background-color: #333c7c;\">CORREO ELECTR\u00d3NICO<\/h6>\n<p style=\"text-align: center;\"><span style=\"font-family: arial,helvetica,sans-serif;\"><span style=\"font-size: medium;\">\u00a0<strong>PROFESORADO DE NIVEL INICIAL Y<br \/>TECNICATURA EN ADMINISTRACI\u00d3N P\u00daBLICA<br \/><\/strong><\/span><\/span><span style=\"font-family: arial,helvetica,sans-serif; font-size: medium;\">secretariainicialtecnicatura@gmail.com<\/span><\/p>\n<p style=\"text-align: center;\"><strong>PROFESORADO DE NIVEL PRIMARIO<br \/><\/strong>secretariaprimaria64@gmail.com<strong><br \/><\/strong><\/p>\n<\/div>\n\n\n\n<div class=\"wp-block-column is-layout-flow\" style=\"flex-basis:40%\">\n<p><iframe loading=\"lazy\" style=\"border: 0; max-width: 100%;\" src=\"https:\/\/www.google.com\/maps\/embed?pb=!1m18!1m12!1m3!1d3395.9780083577325!2d-60.774102023334635!3d-31.66182140816108!2m3!1f0!2f0!3f0!3m2!1i1024!2i768!4f13.1!3m3!1m2!1s0x95b5a7d9d16546c3%3A0xe4806dc0ea374c34!2sHilario%20Sabroso%201780%2C%20S3016FJX%20Santo%20Tom%C3%A9%2C%20Santa%20Fe!5e0!3m2!1ses-419!2sar!4v1682084477608!5m2!1ses-419!2sar\" width=\"600\" height=\"450\" allowfullscreen=\"allowfullscreen\"><\/iframe><\/p>\n<\/div>\n<\/div>\n","protected":false},"excerpt":{"rendered":"<p>HORARIOS DE ATENCI\u00d3N 18.30 a 20.30 horas DIRECCI\u00d3N \u00a0Hilario Sabroso 1780,\u00a0 Santo Tom\u00e9, Santa Fe TEL\u00c9FONO 0342- 4830052 CORREO ELECTR\u00d3NICO \u00a0PROFESORADO DE NIVEL INICIAL YTECNICATURA EN ADMINISTRACI\u00d3N P\u00daBLICAsecretariainicialtecnicatura@gmail.com PROFESORADO DE NIVEL PRIMARIOsecretariaprimaria64@gmail.com<\/p>\n","protected":false},"author":280,"featured_media":0,"parent":0,"menu_order":0,"comment_status":"closed","ping_status":"closed","template":"","meta":[],"acf":[],"_links":{"self":[{"href":"https:\/\/ies64-sfe.infd.edu.ar\/sitio\/wp-json\/wp\/v2\/pages\/852"}],"collection":[{"href":"https:\/\/ies64-sfe.infd.edu.ar\/sitio\/wp-json\/wp\/v2\/pages"}],"about":[{"href":"https:\/\/ies64-sfe.infd.edu.ar\/sitio\/wp-json\/wp\/v2\/types\/page"}],"author":[{"embeddable":true,"href":"https:\/\/ies64-sfe.infd.edu.ar\/sitio\/wp-json\/wp\/v2\/users\/280"}],"replies":[{"embeddable":true,"href":"https:\/\/ies64-sfe.infd.edu.ar\/sitio\/wp-json\/wp\/v2\/comments?post=852"}],"version-history":[{"count":55,"href":"https:\/\/ies64-sfe.infd.edu.ar\/sitio\/wp-json\/wp\/v2\/pages\/852\/revisions"}],"predecessor-version":[{"id":2612,"href":"https:\/\/ies64-sfe.infd.edu.ar\/sitio\/wp-json\/wp\/v2\/pages\/852\/revisions\/2612"}],"wp:attachment":[{"href":"https:\/\/ies64-sfe.infd.edu.ar\/sitio\/wp-json\/wp\/v2\/media?parent=852"}],"curies":[{"name":"wp","href":"https:\/\/api.w.org\/{rel}","templated":true}]}}