{"id":878,"date":"2018-06-29T21:21:55","date_gmt":"2018-06-30T00:21:55","guid":{"rendered":"https:\/\/isp8st-sfe.infd.edu.ar\/sitio\/centro-de-delegados\/"},"modified":"2025-06-25T11:27:13","modified_gmt":"2025-06-25T14:27:13","slug":"centro-de-estudiantes","status":"publish","type":"page","link":"https:\/\/ies64-sfe.infd.edu.ar\/sitio\/centro-de-estudiantes\/","title":{"rendered":"Centro de estudiantes"},"content":{"rendered":"\n<div class=\"wp-block-cover has-x-large-font-size\" style=\"min-height:100px\"><span aria-hidden=\"true\" class=\"wp-block-cover__background has-background-dim-0 has-background-dim\"><\/span><img decoding=\"async\" loading=\"lazy\" width=\"1020\" height=\"150\" class=\"wp-block-cover__image-background wp-image-2076\" alt=\"\" src=\"https:\/\/ies64-sfe.infd.edu.ar\/sitio\/wp-content\/uploads\/2023\/04\/header-bg.jpg\" data-object-fit=\"cover\" srcset=\"https:\/\/ies64-sfe.infd.edu.ar\/sitio\/wp-content\/uploads\/2023\/04\/header-bg.jpg 1020w, https:\/\/ies64-sfe.infd.edu.ar\/sitio\/wp-content\/uploads\/2023\/04\/header-bg-1000x147.jpg 1000w, https:\/\/ies64-sfe.infd.edu.ar\/sitio\/wp-content\/uploads\/2023\/04\/header-bg-768x113.jpg 768w\" sizes=\"(max-width: 1020px) 100vw, 1020px\" \/><div class=\"wp-block-cover__inner-container\">\n<h2 class=\"wp-block-heading\">CENTRO DE ESTUDIANTES<\/h2>\n<\/div><\/div>\n\n\n\n<p>\u201cEl Centro de Estudiantes del Instituto hoy es llevado adelante por la Agrupaci\u00f3n Estudiantil Memoria Viva, la cual<br>est\u00e1 conformada por estudiantes de las carreras de Profesorado de Educaci\u00f3n Inicial, por el momento. El nombre<br>que elegimos representa los ideales que como grupo tenemos y que tienen una estrecha relaci\u00f3n con el nombre que<br>lleva nuestra instituci\u00f3n. Nos posicionamos desde la visi\u00f3n del pasado no como algo muerto, sino como \u201cvida vivida,<br>la que se sigue viviendo en el presente de cada uno\u201d (Romero Jos\u00e9, Luis 1988).<br>Tenemos una visi\u00f3n desde la perspectiva de g\u00e9nero y desde all\u00ed, pensamos propuestas para acercarles a estudiantes,<br>que den lugar a la reflexi\u00f3n y el an\u00e1lisis de la realidad.<br>Nuestro principal objetivo es trabajar en equipo para aproximar a todos y todas, quienes habitan este espacio junto<br>con nosotras para conocer sus necesidades e inquietudes, la idea es trabajar en conjunto para encontrar soluciones y<br>pensar actividades que permitan aportar a la formaci\u00f3n acad\u00e9mica. El centro de estudiantes tambi\u00e9n es un espacio<br>para distenderse y disfrutar la formaci\u00f3n desde lo art\u00edstico, lo l\u00fadico.<\/p>\n\n\n\n<p>Durante el a\u00f1o 2024 tuvimos la oportunidad de organizar la primer Estudiantina, fue nuestro primer evento y nos<br>permiti\u00f3 acercarnos muchos m\u00e1s al alumnado. En el a\u00f1o 2025 presentamos nuestra lista en elecciones y desde<br>entonces conformamos oficialmente el Centro de Estudiantes conformado por:<br>Quimey Borgna como presidente, Milena Pinzano y Victoria Dobbler como secretarias generales; ellas son quienes se<br>encargan de estar presentes en cada reuni\u00f3n con directivos, estudiantes, representantes de diferentes instituciones<br>de la comunidad, quienes est\u00e1n en cada situaci\u00f3n que se presenta en el instituto. Adem\u00e1s, Martina Enrique y Lorena<br>Garc\u00eda, son parte de la secretaria de Bienestar Estudiantil y llevan adelante diferentes encuentros con el objetivo de<br>ayudar a resolver conflictos que surgen en el aula, entre estudiantes.<br>Se ha sumado Ayl\u00e9n Acosta quien representa la secretaria de Cultura: fue responsable de dar a la estudiantina un<br>sello art\u00edstico, as\u00ed como en cada propuesta que surge desde el Centro de Estudiantes.<br>Por \u00faltimo, se encuentra la secretaria de Prensa y difusi\u00f3n, conformada por Renata Pozzo, quien se encarga de las<br>redes sociales del centro de estudiantes, para difundir actividades que surgen; compartir informaci\u00f3n institucional,<br>responde dudas y consultas que se explicitan en las redes. .<br>El centro de estudiantes cuenta con Grupo de WhatsApp, como otro canal de informaci\u00f3n, difusi\u00f3n y comunicaci\u00f3n<br>estudiantil.<\/p>\n","protected":false},"excerpt":{"rendered":"<p>\u201cEl Centro de Estudiantes del Instituto hoy es llevado adelante por la Agrupaci\u00f3n Estudiantil Memoria Viva, la cualest\u00e1 conformada por estudiantes de las carreras de Profesorado de Educaci\u00f3n Inicial, por el momento. El nombreque elegimos representa los ideales que como grupo tenemos y que tienen una estrecha relaci\u00f3n con el nombre quelleva nuestra instituci\u00f3n. Nos &#8230; <a title=\"Centro de estudiantes\" class=\"read-more\" href=\"https:\/\/ies64-sfe.infd.edu.ar\/sitio\/centro-de-estudiantes\/\" aria-label=\"More on Centro de estudiantes\">[+]<\/a><\/p>\n","protected":false},"author":280,"featured_media":0,"parent":0,"menu_order":0,"comment_status":"closed","ping_status":"closed","template":"","meta":[],"acf":[],"_links":{"self":[{"href":"https:\/\/ies64-sfe.infd.edu.ar\/sitio\/wp-json\/wp\/v2\/pages\/878"}],"collection":[{"href":"https:\/\/ies64-sfe.infd.edu.ar\/sitio\/wp-json\/wp\/v2\/pages"}],"about":[{"href":"https:\/\/ies64-sfe.infd.edu.ar\/sitio\/wp-json\/wp\/v2\/types\/page"}],"author":[{"embeddable":true,"href":"https:\/\/ies64-sfe.infd.edu.ar\/sitio\/wp-json\/wp\/v2\/users\/280"}],"replies":[{"embeddable":true,"href":"https:\/\/ies64-sfe.infd.edu.ar\/sitio\/wp-json\/wp\/v2\/comments?post=878"}],"version-history":[{"count":6,"href":"https:\/\/ies64-sfe.infd.edu.ar\/sitio\/wp-json\/wp\/v2\/pages\/878\/revisions"}],"predecessor-version":[{"id":3003,"href":"https:\/\/ies64-sfe.infd.edu.ar\/sitio\/wp-json\/wp\/v2\/pages\/878\/revisions\/3003"}],"wp:attachment":[{"href":"https:\/\/ies64-sfe.infd.edu.ar\/sitio\/wp-json\/wp\/v2\/media?parent=878"}],"curies":[{"name":"wp","href":"https:\/\/api.w.org\/{rel}","templated":true}]}}