{"id":886,"date":"2018-07-10T12:46:32","date_gmt":"2018-07-10T15:46:32","guid":{"rendered":"https:\/\/isp8st-sfe.infd.edu.ar\/sitio\/?page_id=886"},"modified":"2025-03-13T11:01:58","modified_gmt":"2025-03-13T14:01:58","slug":"matematica","status":"publish","type":"page","link":"https:\/\/ies64-sfe.infd.edu.ar\/sitio\/matematica\/","title":{"rendered":"Matem\u00e1tica"},"content":{"rendered":"\n<div class=\"wp-block-cover has-x-large-font-size\" style=\"min-height:146px\"><span aria-hidden=\"true\" class=\"wp-block-cover__background has-background-dim-0 has-background-dim\"><\/span><img decoding=\"async\" loading=\"lazy\" width=\"1020\" height=\"150\" class=\"wp-block-cover__image-background wp-image-2076\" alt=\"\" src=\"https:\/\/ies64-sfe.infd.edu.ar\/sitio\/wp-content\/uploads\/2023\/04\/header-bg.jpg\" data-object-fit=\"cover\" srcset=\"https:\/\/ies64-sfe.infd.edu.ar\/sitio\/wp-content\/uploads\/2023\/04\/header-bg.jpg 1020w, https:\/\/ies64-sfe.infd.edu.ar\/sitio\/wp-content\/uploads\/2023\/04\/header-bg-1000x147.jpg 1000w, https:\/\/ies64-sfe.infd.edu.ar\/sitio\/wp-content\/uploads\/2023\/04\/header-bg-768x113.jpg 768w\" sizes=\"(max-width: 1020px) 100vw, 1020px\" \/><div class=\"wp-block-cover__inner-container\">\n<h2 class=\"wp-block-heading has-x-large-font-size\">MATEM\u00c1TICA<\/h2>\n<\/div><\/div>\n\n\n\n<p><strong>Ingresantes del Profesorado de Nivel Inicial y del Profesorado de Nivel Primario<\/strong>: deben repasar contenidos b\u00e1sicos de su formaci\u00f3n primaria.<\/p>\n\n\n\n<h4 class=\"wp-block-heading has-text-color has-medium-font-size\" style=\"color:#333c7c\"><strong>PARA HACER ANTES DEL INICIO DE CLASES&nbsp; &nbsp;<\/strong><\/h4>\n\n\n\n<p>Les damos el siguiente cuadernillo de actividades para que realicen<strong> antes de comenzar las clases<\/strong>. Realizar todos los ejercicios y actividades CAP\u00cdTULO 1, 2 Y 3.   LUEGO HAREMOS EL RESTO.  SI TIENEN TIEMPO Y PUEDEN HACER TODO MERJOR PARA USTEDES. <\/p>\n\n\n\n<p>&#x2666; <a href=\"https:\/\/ies64-sfe.infd.edu.ar\/sitio\/wp-content\/uploads\/2021\/11\/sexto-practica.pdf\"><strong>Actividades<\/strong><\/a><\/p>\n\n\n\n<p><strong>Recomendaciones<\/strong><\/p>\n\n\n\n<ul>\n<li>No es necesario que lo imprimas.<\/li>\n\n\n\n<li>Es conveniente hacer los ejercicios y problemas en hojas aparte o en un cuadernillo aparte.<\/li>\n\n\n\n<li>Marc\u00e1 o resalt\u00e1 los conceptos que aparezcan. <\/li>\n\n\n\n<li>Si ten\u00e9s dudas trat\u00e1 de buscar m\u00e1s informaci\u00f3n.<\/li>\n\n\n\n<li>Marc\u00e1 o resalt\u00e1 conceptos que no entiendas para ver en clases cuando empiece el cursado.<\/li>\n<\/ul>\n\n\n\n<p>En el siguiente archivo encontrar\u00e1n videos y p\u00e1ginas de internet para recordar algunos conceptos claves, pero tambi\u00e9n puedes buscar informaci\u00f3n en bibliotecas p\u00fablicas y en internet , siempre en fuentes confiables.<\/p>\n\n\n\n<p>&#x2666; <strong><a href=\"https:\/\/ies64-sfe.infd.edu.ar\/sitio\/wp-content\/uploads\/2023\/02\/INGRESO-A-PROFESORADOS-MATEMATICA-2.pdf\">Gu\u00eda de Conceptos b\u00e1sicos<\/a><\/strong><\/p>\n","protected":false},"excerpt":{"rendered":"<p>Ingresantes del Profesorado de Nivel Inicial y del Profesorado de Nivel Primario: deben repasar contenidos b\u00e1sicos de su formaci\u00f3n primaria. PARA HACER ANTES DEL INICIO DE CLASES&nbsp; &nbsp; Les damos el siguiente cuadernillo de actividades para que realicen antes de comenzar las clases. Realizar todos los ejercicios y actividades CAP\u00cdTULO 1, 2 Y 3. LUEGO &#8230; <a title=\"Matem\u00e1tica\" class=\"read-more\" href=\"https:\/\/ies64-sfe.infd.edu.ar\/sitio\/matematica\/\" aria-label=\"More on Matem\u00e1tica\">[+]<\/a><\/p>\n","protected":false},"author":280,"featured_media":0,"parent":0,"menu_order":0,"comment_status":"closed","ping_status":"closed","template":"","meta":[],"acf":[],"_links":{"self":[{"href":"https:\/\/ies64-sfe.infd.edu.ar\/sitio\/wp-json\/wp\/v2\/pages\/886"}],"collection":[{"href":"https:\/\/ies64-sfe.infd.edu.ar\/sitio\/wp-json\/wp\/v2\/pages"}],"about":[{"href":"https:\/\/ies64-sfe.infd.edu.ar\/sitio\/wp-json\/wp\/v2\/types\/page"}],"author":[{"embeddable":true,"href":"https:\/\/ies64-sfe.infd.edu.ar\/sitio\/wp-json\/wp\/v2\/users\/280"}],"replies":[{"embeddable":true,"href":"https:\/\/ies64-sfe.infd.edu.ar\/sitio\/wp-json\/wp\/v2\/comments?post=886"}],"version-history":[{"count":17,"href":"https:\/\/ies64-sfe.infd.edu.ar\/sitio\/wp-json\/wp\/v2\/pages\/886\/revisions"}],"predecessor-version":[{"id":2979,"href":"https:\/\/ies64-sfe.infd.edu.ar\/sitio\/wp-json\/wp\/v2\/pages\/886\/revisions\/2979"}],"wp:attachment":[{"href":"https:\/\/ies64-sfe.infd.edu.ar\/sitio\/wp-json\/wp\/v2\/media?parent=886"}],"curies":[{"name":"wp","href":"https:\/\/api.w.org\/{rel}","templated":true}]}}